{"id":207,"date":"2020-05-04T11:28:08","date_gmt":"2020-05-04T10:28:08","guid":{"rendered":"http:\/\/parrocchiamoltrasio.it\/sito\/?page_id=207"},"modified":"2021-03-30T09:03:54","modified_gmt":"2021-03-30T08:03:54","slug":"preghiera-in-famiglia","status":"publish","type":"page","link":"https:\/\/parrocchiamoltrasio.it\/sito\/?page_id=207","title":{"rendered":"Preghiera in famiglia"},"content":{"rendered":"\n<h4 class=\"wp-block-heading\">In questa sezione del sito \u00e8 possibile trovare i documenti con i momenti di preghiera proposti dalla parrocchia di Moltrasio.<\/h4>\n\n\n\n<div style=\"height:20px\" aria-hidden=\"true\" class=\"wp-block-spacer\"><\/div>\n\n\n\n<hr class=\"wp-block-separator has-text-color has-background has-vivid-red-background-color has-vivid-red-color\"\/>\n\n\n<ul class=\"wp-block-latest-posts__list has-dates wp-block-latest-posts\"><li><a class=\"wp-block-latest-posts__post-title\" href=\"https:\/\/parrocchiamoltrasio.it\/sito\/?p=2566\">Saluto a Don Massimo<\/a><time datetime=\"2022-10-11T18:29:54+01:00\" class=\"wp-block-latest-posts__post-date\">11 Ottobre 2022<\/time><div class=\"wp-block-latest-posts__post-excerpt\">Il nostro carissimo Don Massimo ha chiuso gli occhi in questo mondo e li ha aperti in cielo. Con successiva comunicazione verr\u00e0 resa nota la&#8230;<p class=\"continue-reading-button\"> <a class=\"continue-reading-link\" href=\"https:\/\/parrocchiamoltrasio.it\/sito\/?p=2566\">Leggi tutto<i class=\"crycon-right-dir\"><\/i><\/a><\/p><\/div><\/li>\n<li><a class=\"wp-block-latest-posts__post-title\" href=\"https:\/\/parrocchiamoltrasio.it\/sito\/?p=2462\">Vespri in chiesa parrocchiale<\/a><time datetime=\"2022-07-06T23:09:42+01:00\" class=\"wp-block-latest-posts__post-date\">6 Luglio 2022<\/time><div class=\"wp-block-latest-posts__post-excerpt\">Da gioved\u00ec 7 luglio alle ore 18.00 e per i prossimi gioved\u00ec, ci troveremo in chiesa parrocchiale per pregare i vespri. Sar\u00e0 anche l&#8217;occasione per&#8230;<p class=\"continue-reading-button\"> <a class=\"continue-reading-link\" href=\"https:\/\/parrocchiamoltrasio.it\/sito\/?p=2462\">Leggi tutto<i class=\"crycon-right-dir\"><\/i><\/a><\/p><\/div><\/li>\n<li><div class=\"wp-block-latest-posts__featured-image alignleft\"><a href=\"https:\/\/parrocchiamoltrasio.it\/sito\/?p=2426\" title=\"Domenica del Santissimo corpo e sangue di Cristo - Preghiera della sera\"><img loading=\"lazy\" decoding=\"async\" width=\"150\" height=\"150\" src=\"https:\/\/i0.wp.com\/parrocchiamoltrasio.it\/sito\/wp-content\/uploads\/2021\/06\/Emmaus-Arcabas.jpg?resize=150%2C150&amp;ssl=1\" class=\"attachment-thumbnail size-thumbnail wp-post-image\" alt=\"\" style=\"\" srcset=\"https:\/\/i0.wp.com\/parrocchiamoltrasio.it\/sito\/wp-content\/uploads\/2021\/06\/Emmaus-Arcabas.jpg?resize=150%2C150&amp;ssl=1 150w, https:\/\/i0.wp.com\/parrocchiamoltrasio.it\/sito\/wp-content\/uploads\/2021\/06\/Emmaus-Arcabas.jpg?resize=200%2C200&amp;ssl=1 200w, https:\/\/i0.wp.com\/parrocchiamoltrasio.it\/sito\/wp-content\/uploads\/2021\/06\/Emmaus-Arcabas.jpg?zoom=2&amp;resize=150%2C150&amp;ssl=1 300w, https:\/\/i0.wp.com\/parrocchiamoltrasio.it\/sito\/wp-content\/uploads\/2021\/06\/Emmaus-Arcabas.jpg?zoom=3&amp;resize=150%2C150&amp;ssl=1 450w\" sizes=\"auto, (max-width: 150px) 100vw, 150px\" \/><\/a><\/div><a class=\"wp-block-latest-posts__post-title\" href=\"https:\/\/parrocchiamoltrasio.it\/sito\/?p=2426\">Domenica del Santissimo corpo e sangue di Cristo &#8211; Preghiera della sera<\/a><time datetime=\"2022-06-19T15:30:00+01:00\" class=\"wp-block-latest-posts__post-date\">19 Giugno 2022<\/time><div class=\"wp-block-latest-posts__post-excerpt\"><p class=\"continue-reading-button\"> <a class=\"continue-reading-link\" href=\"https:\/\/parrocchiamoltrasio.it\/sito\/?p=2426\">Leggi tutto<i class=\"crycon-right-dir\"><\/i><\/a><\/p><\/div><\/li>\n<li><div class=\"wp-block-latest-posts__featured-image alignleft\"><a href=\"https:\/\/parrocchiamoltrasio.it\/sito\/?p=2404\" title=\"Domenica della Santissima Trinit\u00e0 - Preghiera della sera\"><img loading=\"lazy\" decoding=\"async\" width=\"150\" height=\"150\" src=\"https:\/\/i0.wp.com\/parrocchiamoltrasio.it\/sito\/wp-content\/uploads\/2021\/05\/Angelsatmamre-trinity-rublev-1410.jpg?resize=150%2C150&amp;ssl=1\" class=\"attachment-thumbnail size-thumbnail wp-post-image\" alt=\"\" style=\"\" srcset=\"https:\/\/i0.wp.com\/parrocchiamoltrasio.it\/sito\/wp-content\/uploads\/2021\/05\/Angelsatmamre-trinity-rublev-1410.jpg?resize=150%2C150&amp;ssl=1 150w, https:\/\/i0.wp.com\/parrocchiamoltrasio.it\/sito\/wp-content\/uploads\/2021\/05\/Angelsatmamre-trinity-rublev-1410.jpg?resize=200%2C200&amp;ssl=1 200w\" sizes=\"auto, (max-width: 150px) 100vw, 150px\" \/><\/a><\/div><a class=\"wp-block-latest-posts__post-title\" href=\"https:\/\/parrocchiamoltrasio.it\/sito\/?p=2404\">Domenica della Santissima Trinit\u00e0 &#8211; Preghiera della sera<\/a><time datetime=\"2022-06-12T15:30:00+01:00\" class=\"wp-block-latest-posts__post-date\">12 Giugno 2022<\/time><div class=\"wp-block-latest-posts__post-excerpt\"><p class=\"continue-reading-button\"> <a class=\"continue-reading-link\" href=\"https:\/\/parrocchiamoltrasio.it\/sito\/?p=2404\">Leggi tutto<i class=\"crycon-right-dir\"><\/i><\/a><\/p><\/div><\/li>\n<li><div class=\"wp-block-latest-posts__featured-image alignleft\"><a href=\"https:\/\/parrocchiamoltrasio.it\/sito\/?p=2388\" title=\"Pentecoste - Preghiera della sera\"><img loading=\"lazy\" decoding=\"async\" width=\"150\" height=\"150\" src=\"https:\/\/i0.wp.com\/parrocchiamoltrasio.it\/sito\/wp-content\/uploads\/2022\/06\/pente.jpg?resize=150%2C150&amp;ssl=1\" class=\"attachment-thumbnail size-thumbnail wp-post-image\" alt=\"\" style=\"\" srcset=\"https:\/\/i0.wp.com\/parrocchiamoltrasio.it\/sito\/wp-content\/uploads\/2022\/06\/pente.jpg?resize=150%2C150&amp;ssl=1 150w, https:\/\/i0.wp.com\/parrocchiamoltrasio.it\/sito\/wp-content\/uploads\/2022\/06\/pente.jpg?resize=200%2C200&amp;ssl=1 200w, https:\/\/i0.wp.com\/parrocchiamoltrasio.it\/sito\/wp-content\/uploads\/2022\/06\/pente.jpg?zoom=2&amp;resize=150%2C150&amp;ssl=1 300w, https:\/\/i0.wp.com\/parrocchiamoltrasio.it\/sito\/wp-content\/uploads\/2022\/06\/pente.jpg?zoom=3&amp;resize=150%2C150&amp;ssl=1 450w\" sizes=\"auto, (max-width: 150px) 100vw, 150px\" \/><\/a><\/div><a class=\"wp-block-latest-posts__post-title\" href=\"https:\/\/parrocchiamoltrasio.it\/sito\/?p=2388\">Pentecoste &#8211; Preghiera della sera<\/a><time datetime=\"2022-06-05T15:30:00+01:00\" class=\"wp-block-latest-posts__post-date\">5 Giugno 2022<\/time><div class=\"wp-block-latest-posts__post-excerpt\"><p class=\"continue-reading-button\"> <a class=\"continue-reading-link\" href=\"https:\/\/parrocchiamoltrasio.it\/sito\/?p=2388\">Leggi tutto<i class=\"crycon-right-dir\"><\/i><\/a><\/p><\/div><\/li>\n<li><div class=\"wp-block-latest-posts__featured-image alignleft\"><a href=\"https:\/\/parrocchiamoltrasio.it\/sito\/?p=2345\" title=\"Ascensione - Preghiera della sera\"><img loading=\"lazy\" decoding=\"async\" width=\"150\" height=\"150\" src=\"https:\/\/i0.wp.com\/parrocchiamoltrasio.it\/sito\/wp-content\/uploads\/2022\/05\/Ascensione-dai-Vangeli-di-Rabbula-VI-sec.-d.C.-Miniatura-su-pergamena-Arte-Svelata-1.webp?resize=150%2C150&amp;ssl=1\" class=\"attachment-thumbnail size-thumbnail wp-post-image\" alt=\"\" style=\"\" srcset=\"https:\/\/i0.wp.com\/parrocchiamoltrasio.it\/sito\/wp-content\/uploads\/2022\/05\/Ascensione-dai-Vangeli-di-Rabbula-VI-sec.-d.C.-Miniatura-su-pergamena-Arte-Svelata-1.webp?resize=150%2C150&amp;ssl=1 150w, https:\/\/i0.wp.com\/parrocchiamoltrasio.it\/sito\/wp-content\/uploads\/2022\/05\/Ascensione-dai-Vangeli-di-Rabbula-VI-sec.-d.C.-Miniatura-su-pergamena-Arte-Svelata-1.webp?resize=200%2C200&amp;ssl=1 200w, https:\/\/i0.wp.com\/parrocchiamoltrasio.it\/sito\/wp-content\/uploads\/2022\/05\/Ascensione-dai-Vangeli-di-Rabbula-VI-sec.-d.C.-Miniatura-su-pergamena-Arte-Svelata-1.webp?zoom=2&amp;resize=150%2C150&amp;ssl=1 300w, https:\/\/i0.wp.com\/parrocchiamoltrasio.it\/sito\/wp-content\/uploads\/2022\/05\/Ascensione-dai-Vangeli-di-Rabbula-VI-sec.-d.C.-Miniatura-su-pergamena-Arte-Svelata-1.webp?zoom=3&amp;resize=150%2C150&amp;ssl=1 450w\" sizes=\"auto, (max-width: 150px) 100vw, 150px\" \/><\/a><\/div><a class=\"wp-block-latest-posts__post-title\" href=\"https:\/\/parrocchiamoltrasio.it\/sito\/?p=2345\">Ascensione &#8211; Preghiera della sera<\/a><time datetime=\"2022-05-29T15:30:00+01:00\" class=\"wp-block-latest-posts__post-date\">29 Maggio 2022<\/time><div class=\"wp-block-latest-posts__post-excerpt\"><p class=\"continue-reading-button\"> <a class=\"continue-reading-link\" href=\"https:\/\/parrocchiamoltrasio.it\/sito\/?p=2345\">Leggi tutto<i class=\"crycon-right-dir\"><\/i><\/a><\/p><\/div><\/li>\n<li><div class=\"wp-block-latest-posts__featured-image alignleft\"><a href=\"https:\/\/parrocchiamoltrasio.it\/sito\/?p=2328\" title=\"VI Domenica di Pasqua (C) - Preghiera della sera\"><img loading=\"lazy\" decoding=\"async\" width=\"150\" height=\"150\" src=\"https:\/\/i0.wp.com\/parrocchiamoltrasio.it\/sito\/wp-content\/uploads\/2022\/01\/Jesus-Nazareth-240x300-1.png?resize=150%2C150&amp;ssl=1\" class=\"attachment-thumbnail size-thumbnail wp-post-image\" alt=\"\" style=\"\" srcset=\"https:\/\/i0.wp.com\/parrocchiamoltrasio.it\/sito\/wp-content\/uploads\/2022\/01\/Jesus-Nazareth-240x300-1.png?resize=150%2C150&amp;ssl=1 150w, https:\/\/i0.wp.com\/parrocchiamoltrasio.it\/sito\/wp-content\/uploads\/2022\/01\/Jesus-Nazareth-240x300-1.png?resize=200%2C200&amp;ssl=1 200w\" sizes=\"auto, (max-width: 150px) 100vw, 150px\" \/><\/a><\/div><a class=\"wp-block-latest-posts__post-title\" href=\"https:\/\/parrocchiamoltrasio.it\/sito\/?p=2328\">VI Domenica di Pasqua (C) &#8211; Preghiera della sera<\/a><time datetime=\"2022-05-22T12:47:40+01:00\" class=\"wp-block-latest-posts__post-date\">22 Maggio 2022<\/time><div class=\"wp-block-latest-posts__post-excerpt\"><p class=\"continue-reading-button\"> <a class=\"continue-reading-link\" href=\"https:\/\/parrocchiamoltrasio.it\/sito\/?p=2328\">Leggi tutto<i class=\"crycon-right-dir\"><\/i><\/a><\/p><\/div><\/li>\n<li><a class=\"wp-block-latest-posts__post-title\" href=\"https:\/\/parrocchiamoltrasio.it\/sito\/?p=2271\">V Domenica di Pasqua &#8211; Preghiera della sera<\/a><time datetime=\"2022-05-15T15:30:00+01:00\" class=\"wp-block-latest-posts__post-date\">15 Maggio 2022<\/time><div class=\"wp-block-latest-posts__post-excerpt\"><p class=\"continue-reading-button\"> <a class=\"continue-reading-link\" href=\"https:\/\/parrocchiamoltrasio.it\/sito\/?p=2271\">Leggi tutto<i class=\"crycon-right-dir\"><\/i><\/a><\/p><\/div><\/li>\n<li><div class=\"wp-block-latest-posts__featured-image alignleft\"><a href=\"https:\/\/parrocchiamoltrasio.it\/sito\/?p=2126\" title=\"II Domenica di Pasqua &quot;In Albis&quot; - Preghiera della sera\"><img loading=\"lazy\" decoding=\"async\" width=\"150\" height=\"150\" src=\"https:\/\/i0.wp.com\/parrocchiamoltrasio.it\/sito\/wp-content\/uploads\/2022\/04\/cq5dam.thumbnail.cropped.1500.844.jpeg?resize=150%2C150&amp;ssl=1\" class=\"attachment-thumbnail size-thumbnail wp-post-image\" alt=\"\" style=\"\" srcset=\"https:\/\/i0.wp.com\/parrocchiamoltrasio.it\/sito\/wp-content\/uploads\/2022\/04\/cq5dam.thumbnail.cropped.1500.844.jpeg?resize=150%2C150&amp;ssl=1 150w, https:\/\/i0.wp.com\/parrocchiamoltrasio.it\/sito\/wp-content\/uploads\/2022\/04\/cq5dam.thumbnail.cropped.1500.844.jpeg?resize=200%2C200&amp;ssl=1 200w, https:\/\/i0.wp.com\/parrocchiamoltrasio.it\/sito\/wp-content\/uploads\/2022\/04\/cq5dam.thumbnail.cropped.1500.844.jpeg?zoom=2&amp;resize=150%2C150&amp;ssl=1 300w, https:\/\/i0.wp.com\/parrocchiamoltrasio.it\/sito\/wp-content\/uploads\/2022\/04\/cq5dam.thumbnail.cropped.1500.844.jpeg?zoom=3&amp;resize=150%2C150&amp;ssl=1 450w\" sizes=\"auto, (max-width: 150px) 100vw, 150px\" \/><\/a><\/div><a class=\"wp-block-latest-posts__post-title\" href=\"https:\/\/parrocchiamoltrasio.it\/sito\/?p=2126\">II Domenica di Pasqua &#8220;In Albis&#8221; &#8211; Preghiera della sera<\/a><time datetime=\"2022-04-24T15:30:00+01:00\" class=\"wp-block-latest-posts__post-date\">24 Aprile 2022<\/time><div class=\"wp-block-latest-posts__post-excerpt\"><p class=\"continue-reading-button\"> <a class=\"continue-reading-link\" href=\"https:\/\/parrocchiamoltrasio.it\/sito\/?p=2126\">Leggi tutto<i class=\"crycon-right-dir\"><\/i><\/a><\/p><\/div><\/li>\n<li><a class=\"wp-block-latest-posts__post-title\" href=\"https:\/\/parrocchiamoltrasio.it\/sito\/?p=2123\">Domenica di Pasqua &#8211; Preghiera della sera<\/a><time datetime=\"2022-04-17T15:30:00+01:00\" class=\"wp-block-latest-posts__post-date\">17 Aprile 2022<\/time><div class=\"wp-block-latest-posts__post-excerpt\"><p class=\"continue-reading-button\"> <a class=\"continue-reading-link\" href=\"https:\/\/parrocchiamoltrasio.it\/sito\/?p=2123\">Leggi tutto<i class=\"crycon-right-dir\"><\/i><\/a><\/p><\/div><\/li>\n<\/ul>","protected":false},"excerpt":{"rendered":"<p>In questa sezione del sito \u00e8 possibile trovare i documenti con i momenti di preghiera proposti dalla parrocchia di Moltrasio.<\/p>\n<p class=\"continue-reading-button\"> <a class=\"continue-reading-link\" href=\"https:\/\/parrocchiamoltrasio.it\/sito\/?page_id=207\">Leggi tutto<i class=\"crycon-right-dir\"><\/i><\/a><\/p>\n","protected":false},"author":1,"featured_media":0,"parent":0,"menu_order":0,"comment_status":"closed","ping_status":"closed","template":"","meta":{"_EventAllDay":false,"_EventTimezone":"","_EventStartDate":"","_EventEndDate":"","_EventStartDateUTC":"","_EventEndDateUTC":"","_EventShowMap":false,"_EventShowMapLink":false,"_EventURL":"","_EventCost":"","_EventCostDescription":"","_EventCurrencySymbol":"","_EventCurrencyCode":"","_EventCurrencyPosition":"","_EventDateTimeSeparator":"","_EventTimeRangeSeparator":"","_EventOrganizerID":[],"_EventVenueID":[],"_OrganizerEmail":"","_OrganizerPhone":"","_OrganizerWebsite":"","_VenueAddress":"","_VenueCity":"","_VenueCountry":"","_VenueProvince":"","_VenueState":"","_VenueZip":"","_VenuePhone":"","_VenueURL":"","_VenueStateProvince":"","_VenueLat":"","_VenueLng":"","_VenueShowMap":false,"_VenueShowMapLink":false,"footnotes":""},"class_list":["post-207","page","type-page","status-publish","hentry"],"yoast_head":"<!-- This site is optimized with the Yoast SEO plugin v25.0 - https:\/\/yoast.com\/wordpress\/plugins\/seo\/ -->\n<title>Preghiera in famiglia -<\/title>\n<meta name=\"robots\" content=\"index, follow, max-snippet:-1, max-image-preview:large, max-video-preview:-1\" \/>\n<link rel=\"canonical\" href=\"https:\/\/parrocchiamoltrasio.it\/sito\/?page_id=207\" \/>\n<meta property=\"og:locale\" content=\"it_IT\" \/>\n<meta property=\"og:type\" content=\"article\" \/>\n<meta property=\"og:title\" content=\"Preghiera in famiglia -\" \/>\n<meta property=\"og:description\" content=\"In questa sezione del sito \u00e8 possibile trovare i documenti con i momenti di preghiera proposti dalla parrocchia di Moltrasio. Leggi tutto\" \/>\n<meta property=\"og:url\" content=\"https:\/\/parrocchiamoltrasio.it\/sito\/?page_id=207\" \/>\n<meta property=\"article:modified_time\" content=\"2021-03-30T08:03:54+00:00\" \/>\n<meta name=\"twitter:card\" content=\"summary_large_image\" \/>\n<script type=\"application\/ld+json\" class=\"yoast-schema-graph\">{\"@context\":\"https:\/\/schema.org\",\"@graph\":[{\"@type\":\"WebPage\",\"@id\":\"https:\/\/parrocchiamoltrasio.it\/sito\/?page_id=207\",\"url\":\"https:\/\/parrocchiamoltrasio.it\/sito\/?page_id=207\",\"name\":\"Preghiera in famiglia -\",\"isPartOf\":{\"@id\":\"https:\/\/parrocchiamoltrasio.it\/sito\/#website\"},\"datePublished\":\"2020-05-04T10:28:08+00:00\",\"dateModified\":\"2021-03-30T08:03:54+00:00\",\"breadcrumb\":{\"@id\":\"https:\/\/parrocchiamoltrasio.it\/sito\/?page_id=207#breadcrumb\"},\"inLanguage\":\"it-IT\",\"potentialAction\":[{\"@type\":\"ReadAction\",\"target\":[\"https:\/\/parrocchiamoltrasio.it\/sito\/?page_id=207\"]}]},{\"@type\":\"BreadcrumbList\",\"@id\":\"https:\/\/parrocchiamoltrasio.it\/sito\/?page_id=207#breadcrumb\",\"itemListElement\":[{\"@type\":\"ListItem\",\"position\":1,\"name\":\"Home\",\"item\":\"https:\/\/parrocchiamoltrasio.it\/sito\"},{\"@type\":\"ListItem\",\"position\":2,\"name\":\"Preghiera in famiglia\"}]},{\"@type\":\"WebSite\",\"@id\":\"https:\/\/parrocchiamoltrasio.it\/sito\/#website\",\"url\":\"https:\/\/parrocchiamoltrasio.it\/sito\/\",\"name\":\"\",\"description\":\"\",\"potentialAction\":[{\"@type\":\"SearchAction\",\"target\":{\"@type\":\"EntryPoint\",\"urlTemplate\":\"https:\/\/parrocchiamoltrasio.it\/sito\/?s={search_term_string}\"},\"query-input\":{\"@type\":\"PropertyValueSpecification\",\"valueRequired\":true,\"valueName\":\"search_term_string\"}}],\"inLanguage\":\"it-IT\"}]}<\/script>\n<!-- \/ Yoast SEO plugin. -->","yoast_head_json":{"title":"Preghiera in famiglia -","robots":{"index":"index","follow":"follow","max-snippet":"max-snippet:-1","max-image-preview":"max-image-preview:large","max-video-preview":"max-video-preview:-1"},"canonical":"https:\/\/parrocchiamoltrasio.it\/sito\/?page_id=207","og_locale":"it_IT","og_type":"article","og_title":"Preghiera in famiglia -","og_description":"In questa sezione del sito \u00e8 possibile trovare i documenti con i momenti di preghiera proposti dalla parrocchia di Moltrasio. Leggi tutto","og_url":"https:\/\/parrocchiamoltrasio.it\/sito\/?page_id=207","article_modified_time":"2021-03-30T08:03:54+00:00","twitter_card":"summary_large_image","schema":{"@context":"https:\/\/schema.org","@graph":[{"@type":"WebPage","@id":"https:\/\/parrocchiamoltrasio.it\/sito\/?page_id=207","url":"https:\/\/parrocchiamoltrasio.it\/sito\/?page_id=207","name":"Preghiera in famiglia -","isPartOf":{"@id":"https:\/\/parrocchiamoltrasio.it\/sito\/#website"},"datePublished":"2020-05-04T10:28:08+00:00","dateModified":"2021-03-30T08:03:54+00:00","breadcrumb":{"@id":"https:\/\/parrocchiamoltrasio.it\/sito\/?page_id=207#breadcrumb"},"inLanguage":"it-IT","potentialAction":[{"@type":"ReadAction","target":["https:\/\/parrocchiamoltrasio.it\/sito\/?page_id=207"]}]},{"@type":"BreadcrumbList","@id":"https:\/\/parrocchiamoltrasio.it\/sito\/?page_id=207#breadcrumb","itemListElement":[{"@type":"ListItem","position":1,"name":"Home","item":"https:\/\/parrocchiamoltrasio.it\/sito"},{"@type":"ListItem","position":2,"name":"Preghiera in famiglia"}]},{"@type":"WebSite","@id":"https:\/\/parrocchiamoltrasio.it\/sito\/#website","url":"https:\/\/parrocchiamoltrasio.it\/sito\/","name":"","description":"","potentialAction":[{"@type":"SearchAction","target":{"@type":"EntryPoint","urlTemplate":"https:\/\/parrocchiamoltrasio.it\/sito\/?s={search_term_string}"},"query-input":{"@type":"PropertyValueSpecification","valueRequired":true,"valueName":"search_term_string"}}],"inLanguage":"it-IT"}]}},"jetpack_sharing_enabled":true,"_links":{"self":[{"href":"https:\/\/parrocchiamoltrasio.it\/sito\/index.php?rest_route=\/wp\/v2\/pages\/207","targetHints":{"allow":["GET"]}}],"collection":[{"href":"https:\/\/parrocchiamoltrasio.it\/sito\/index.php?rest_route=\/wp\/v2\/pages"}],"about":[{"href":"https:\/\/parrocchiamoltrasio.it\/sito\/index.php?rest_route=\/wp\/v2\/types\/page"}],"author":[{"embeddable":true,"href":"https:\/\/parrocchiamoltrasio.it\/sito\/index.php?rest_route=\/wp\/v2\/users\/1"}],"replies":[{"embeddable":true,"href":"https:\/\/parrocchiamoltrasio.it\/sito\/index.php?rest_route=%2Fwp%2Fv2%2Fcomments&post=207"}],"version-history":[{"count":14,"href":"https:\/\/parrocchiamoltrasio.it\/sito\/index.php?rest_route=\/wp\/v2\/pages\/207\/revisions"}],"predecessor-version":[{"id":1091,"href":"https:\/\/parrocchiamoltrasio.it\/sito\/index.php?rest_route=\/wp\/v2\/pages\/207\/revisions\/1091"}],"wp:attachment":[{"href":"https:\/\/parrocchiamoltrasio.it\/sito\/index.php?rest_route=%2Fwp%2Fv2%2Fmedia&parent=207"}],"curies":[{"name":"wp","href":"https:\/\/api.w.org\/{rel}","templated":true}]}}