{"id":211,"date":"2020-05-04T12:56:00","date_gmt":"2020-05-04T11:56:00","guid":{"rendered":"http:\/\/parrocchiamoltrasio.it\/sito\/?page_id=211"},"modified":"2025-05-11T22:34:12","modified_gmt":"2025-05-11T21:34:12","slug":"oratorio","status":"publish","type":"page","link":"https:\/\/parrocchiamoltrasio.it\/sito\/?page_id=211","title":{"rendered":"Oratori SST"},"content":{"rendered":"\n<p><strong>Comunit\u00e0 Pastorale SS Trinit\u00e0<\/strong><br><strong>Parrocchie di Moltrasio, Carate, Urio, Laglio, Brienno (CO)<\/strong><\/p>\n\n\n\n<p>Diocesi di Como\u00a0<br><strong>Ufficio<\/strong>\u00a0&#8211; tel 031 290123<br><strong>Cell parroco<\/strong>\u00a0&#8211; don Paolo Barocco +393463797930<br><strong>Cell coordinatore oratori<\/strong>\u00a0&#8211; Sabrina Roncoroni +393400702844<\/p>\n\n\n\n<hr class=\"wp-block-separator has-text-color has-vivid-red-color has-css-opacity has-vivid-red-background-color has-background\"\/>\n\n\n<ul class=\"wp-block-latest-posts__list has-dates wp-block-latest-posts\"><li><div class=\"wp-block-latest-posts__featured-image\"><a href=\"https:\/\/parrocchiamoltrasio.it\/sito\/?p=3529\" title=\"CAMPO ESTIVO 2025\"><img loading=\"lazy\" decoding=\"async\" width=\"150\" height=\"150\" src=\"https:\/\/i0.wp.com\/parrocchiamoltrasio.it\/sito\/wp-content\/uploads\/2025\/05\/image-1.png?resize=150%2C150&amp;ssl=1\" class=\"attachment-thumbnail size-thumbnail wp-post-image\" alt=\"\" style=\"\" srcset=\"https:\/\/i0.wp.com\/parrocchiamoltrasio.it\/sito\/wp-content\/uploads\/2025\/05\/image-1.png?resize=150%2C150&amp;ssl=1 150w, https:\/\/i0.wp.com\/parrocchiamoltrasio.it\/sito\/wp-content\/uploads\/2025\/05\/image-1.png?resize=200%2C200&amp;ssl=1 200w, https:\/\/i0.wp.com\/parrocchiamoltrasio.it\/sito\/wp-content\/uploads\/2025\/05\/image-1.png?zoom=2&amp;resize=150%2C150&amp;ssl=1 300w, https:\/\/i0.wp.com\/parrocchiamoltrasio.it\/sito\/wp-content\/uploads\/2025\/05\/image-1.png?zoom=3&amp;resize=150%2C150&amp;ssl=1 450w\" sizes=\"auto, (max-width: 150px) 100vw, 150px\" \/><\/a><\/div><a class=\"wp-block-latest-posts__post-title\" href=\"https:\/\/parrocchiamoltrasio.it\/sito\/?p=3529\">CAMPO ESTIVO 2025<\/a><time datetime=\"2025-05-11T22:51:55+01:00\" class=\"wp-block-latest-posts__post-date\">11 Maggio 2025<\/time><div class=\"wp-block-latest-posts__post-excerpt\"><p class=\"continue-reading-button\"> <a class=\"continue-reading-link\" href=\"https:\/\/parrocchiamoltrasio.it\/sito\/?p=3529\">Leggi tutto<i class=\"crycon-right-dir\"><\/i><\/a><\/p><\/div><\/li>\n<li><div class=\"wp-block-latest-posts__featured-image\"><a href=\"https:\/\/parrocchiamoltrasio.it\/sito\/?p=3525\" title=\"GREST 2025 TocToc\"><img loading=\"lazy\" decoding=\"async\" width=\"150\" height=\"150\" src=\"https:\/\/i0.wp.com\/parrocchiamoltrasio.it\/sito\/wp-content\/uploads\/2025\/05\/image-5.png?resize=150%2C150&amp;ssl=1\" class=\"attachment-thumbnail size-thumbnail wp-post-image\" alt=\"\" style=\"\" srcset=\"https:\/\/i0.wp.com\/parrocchiamoltrasio.it\/sito\/wp-content\/uploads\/2025\/05\/image-5.png?resize=150%2C150&amp;ssl=1 150w, https:\/\/i0.wp.com\/parrocchiamoltrasio.it\/sito\/wp-content\/uploads\/2025\/05\/image-5.png?resize=200%2C200&amp;ssl=1 200w, https:\/\/i0.wp.com\/parrocchiamoltrasio.it\/sito\/wp-content\/uploads\/2025\/05\/image-5.png?zoom=2&amp;resize=150%2C150&amp;ssl=1 300w, https:\/\/i0.wp.com\/parrocchiamoltrasio.it\/sito\/wp-content\/uploads\/2025\/05\/image-5.png?zoom=3&amp;resize=150%2C150&amp;ssl=1 450w\" sizes=\"auto, (max-width: 150px) 100vw, 150px\" \/><\/a><\/div><a class=\"wp-block-latest-posts__post-title\" href=\"https:\/\/parrocchiamoltrasio.it\/sito\/?p=3525\">GREST 2025 TocToc<\/a><time datetime=\"2025-05-11T22:47:21+01:00\" class=\"wp-block-latest-posts__post-date\">11 Maggio 2025<\/time><div class=\"wp-block-latest-posts__post-excerpt\">Per sapere tutte le info, i costi e la giornata tipo scaricate il volantino completo al link sottostante. Per le iscrizioni al GREST e al servizio navetta cliccate sui seguenti&#8230;<p class=\"continue-reading-button\"> <a class=\"continue-reading-link\" href=\"https:\/\/parrocchiamoltrasio.it\/sito\/?p=3525\">Leggi tutto<i class=\"crycon-right-dir\"><\/i><\/a><\/p><\/div><\/li>\n<li><div class=\"wp-block-latest-posts__featured-image\"><a href=\"https:\/\/parrocchiamoltrasio.it\/sito\/?p=3335\" title=\"Inizio anno catechistico\"><img loading=\"lazy\" decoding=\"async\" width=\"150\" height=\"150\" src=\"https:\/\/i0.wp.com\/parrocchiamoltrasio.it\/sito\/wp-content\/uploads\/2024\/09\/image.png?resize=150%2C150&amp;ssl=1\" class=\"attachment-thumbnail size-thumbnail wp-post-image\" alt=\"\" style=\"\" srcset=\"https:\/\/i0.wp.com\/parrocchiamoltrasio.it\/sito\/wp-content\/uploads\/2024\/09\/image.png?resize=150%2C150&amp;ssl=1 150w, https:\/\/i0.wp.com\/parrocchiamoltrasio.it\/sito\/wp-content\/uploads\/2024\/09\/image.png?resize=200%2C200&amp;ssl=1 200w, https:\/\/i0.wp.com\/parrocchiamoltrasio.it\/sito\/wp-content\/uploads\/2024\/09\/image.png?zoom=2&amp;resize=150%2C150&amp;ssl=1 300w, https:\/\/i0.wp.com\/parrocchiamoltrasio.it\/sito\/wp-content\/uploads\/2024\/09\/image.png?zoom=3&amp;resize=150%2C150&amp;ssl=1 450w\" sizes=\"auto, (max-width: 150px) 100vw, 150px\" \/><\/a><\/div><a class=\"wp-block-latest-posts__post-title\" href=\"https:\/\/parrocchiamoltrasio.it\/sito\/?p=3335\">Inizio anno catechistico<\/a><time datetime=\"2024-09-25T16:36:37+01:00\" class=\"wp-block-latest-posts__post-date\">25 Settembre 2024<\/time><div class=\"wp-block-latest-posts__post-excerpt\">Cari genitori, ci siamo! Il percorso di catechismo riparte ufficialmente il 14 ottobre e siamo pronti ad accogliere i vostri figli per un nuovo anno insieme, in cammino verso la&#8230;<p class=\"continue-reading-button\"> <a class=\"continue-reading-link\" href=\"https:\/\/parrocchiamoltrasio.it\/sito\/?p=3335\">Leggi tutto<i class=\"crycon-right-dir\"><\/i><\/a><\/p><\/div><\/li>\n<li><div class=\"wp-block-latest-posts__featured-image\"><a href=\"https:\/\/parrocchiamoltrasio.it\/sito\/?p=3170\" title=\"GREST 2024 - VIAVAI\"><img loading=\"lazy\" decoding=\"async\" width=\"150\" height=\"150\" src=\"https:\/\/i0.wp.com\/parrocchiamoltrasio.it\/sito\/wp-content\/uploads\/2024\/04\/locandina-p1.jpg?resize=150%2C150&amp;ssl=1\" class=\"attachment-thumbnail size-thumbnail wp-post-image\" alt=\"\" style=\"\" srcset=\"https:\/\/i0.wp.com\/parrocchiamoltrasio.it\/sito\/wp-content\/uploads\/2024\/04\/locandina-p1.jpg?resize=150%2C150&amp;ssl=1 150w, https:\/\/i0.wp.com\/parrocchiamoltrasio.it\/sito\/wp-content\/uploads\/2024\/04\/locandina-p1.jpg?resize=200%2C200&amp;ssl=1 200w, https:\/\/i0.wp.com\/parrocchiamoltrasio.it\/sito\/wp-content\/uploads\/2024\/04\/locandina-p1.jpg?zoom=2&amp;resize=150%2C150&amp;ssl=1 300w, https:\/\/i0.wp.com\/parrocchiamoltrasio.it\/sito\/wp-content\/uploads\/2024\/04\/locandina-p1.jpg?zoom=3&amp;resize=150%2C150&amp;ssl=1 450w\" sizes=\"auto, (max-width: 150px) 100vw, 150px\" \/><\/a><\/div><a class=\"wp-block-latest-posts__post-title\" href=\"https:\/\/parrocchiamoltrasio.it\/sito\/?p=3170\">GREST 2024 &#8211; VIAVAI<\/a><time datetime=\"2024-04-22T09:20:53+01:00\" class=\"wp-block-latest-posts__post-date\">22 Aprile 2024<\/time><div class=\"wp-block-latest-posts__post-excerpt\">Passi per iscriversi a questo link: www.parrocchiamoltrasio.it cerca la sezione Oratorio ESTATE 2024 GREST 2024 per gli avvisi e le informazioni<p class=\"continue-reading-button\"> <a class=\"continue-reading-link\" href=\"https:\/\/parrocchiamoltrasio.it\/sito\/?p=3170\">Leggi tutto<i class=\"crycon-right-dir\"><\/i><\/a><\/p><\/div><\/li>\n<li><div class=\"wp-block-latest-posts__featured-image\"><a href=\"https:\/\/parrocchiamoltrasio.it\/sito\/?p=3029\" title=\"Festa patronale di San Martino - Moltrasio\"><img loading=\"lazy\" decoding=\"async\" width=\"150\" height=\"150\" src=\"https:\/\/i0.wp.com\/parrocchiamoltrasio.it\/sito\/wp-content\/uploads\/2023\/11\/IMG-20231105-WA0010.jpg?resize=150%2C150&amp;ssl=1\" class=\"attachment-thumbnail size-thumbnail wp-post-image\" alt=\"\" style=\"\" srcset=\"https:\/\/i0.wp.com\/parrocchiamoltrasio.it\/sito\/wp-content\/uploads\/2023\/11\/IMG-20231105-WA0010.jpg?resize=150%2C150&amp;ssl=1 150w, https:\/\/i0.wp.com\/parrocchiamoltrasio.it\/sito\/wp-content\/uploads\/2023\/11\/IMG-20231105-WA0010.jpg?resize=200%2C200&amp;ssl=1 200w, https:\/\/i0.wp.com\/parrocchiamoltrasio.it\/sito\/wp-content\/uploads\/2023\/11\/IMG-20231105-WA0010.jpg?zoom=2&amp;resize=150%2C150&amp;ssl=1 300w, https:\/\/i0.wp.com\/parrocchiamoltrasio.it\/sito\/wp-content\/uploads\/2023\/11\/IMG-20231105-WA0010.jpg?zoom=3&amp;resize=150%2C150&amp;ssl=1 450w\" sizes=\"auto, (max-width: 150px) 100vw, 150px\" \/><\/a><\/div><a class=\"wp-block-latest-posts__post-title\" href=\"https:\/\/parrocchiamoltrasio.it\/sito\/?p=3029\">Festa patronale di San Martino &#8211; Moltrasio<\/a><time datetime=\"2023-11-06T18:44:48+01:00\" class=\"wp-block-latest-posts__post-date\">6 Novembre 2023<\/time><div class=\"wp-block-latest-posts__post-excerpt\"><p class=\"continue-reading-button\"> <a class=\"continue-reading-link\" href=\"https:\/\/parrocchiamoltrasio.it\/sito\/?p=3029\">Leggi tutto<i class=\"crycon-right-dir\"><\/i><\/a><\/p><\/div><\/li>\n<li><div class=\"wp-block-latest-posts__featured-image\"><a href=\"https:\/\/parrocchiamoltrasio.it\/sito\/?p=2879\" title=\"Iscrizione al campo estivo 2023\"><img loading=\"lazy\" decoding=\"async\" width=\"150\" height=\"150\" src=\"https:\/\/i0.wp.com\/parrocchiamoltrasio.it\/sito\/wp-content\/uploads\/2023\/05\/CampoEstivoValleIntelvi-2023.jpg?resize=150%2C150&amp;ssl=1\" class=\"attachment-thumbnail size-thumbnail wp-post-image\" alt=\"\" style=\"\" srcset=\"https:\/\/i0.wp.com\/parrocchiamoltrasio.it\/sito\/wp-content\/uploads\/2023\/05\/CampoEstivoValleIntelvi-2023.jpg?resize=150%2C150&amp;ssl=1 150w, https:\/\/i0.wp.com\/parrocchiamoltrasio.it\/sito\/wp-content\/uploads\/2023\/05\/CampoEstivoValleIntelvi-2023.jpg?resize=200%2C200&amp;ssl=1 200w, https:\/\/i0.wp.com\/parrocchiamoltrasio.it\/sito\/wp-content\/uploads\/2023\/05\/CampoEstivoValleIntelvi-2023.jpg?zoom=2&amp;resize=150%2C150&amp;ssl=1 300w, https:\/\/i0.wp.com\/parrocchiamoltrasio.it\/sito\/wp-content\/uploads\/2023\/05\/CampoEstivoValleIntelvi-2023.jpg?zoom=3&amp;resize=150%2C150&amp;ssl=1 450w\" sizes=\"auto, (max-width: 150px) 100vw, 150px\" \/><\/a><\/div><a class=\"wp-block-latest-posts__post-title\" href=\"https:\/\/parrocchiamoltrasio.it\/sito\/?p=2879\">Iscrizione al campo estivo 2023<\/a><time datetime=\"2023-05-15T11:08:03+01:00\" class=\"wp-block-latest-posts__post-date\">15 Maggio 2023<\/time><div class=\"wp-block-latest-posts__post-excerpt\">Per iscriverti al Campo estivo di quest&#8217;anno, dal 15 al 21 luglio, scarica e compila il modulo d&#8217;iscrizione.<p class=\"continue-reading-button\"> <a class=\"continue-reading-link\" href=\"https:\/\/parrocchiamoltrasio.it\/sito\/?p=2879\">Leggi tutto<i class=\"crycon-right-dir\"><\/i><\/a><\/p><\/div><\/li>\n<li><div class=\"wp-block-latest-posts__featured-image\"><a href=\"https:\/\/parrocchiamoltrasio.it\/sito\/?p=2869\" title=\"GREST 2023 - TUXTUTTI!\"><img loading=\"lazy\" decoding=\"async\" width=\"150\" height=\"150\" src=\"https:\/\/i0.wp.com\/parrocchiamoltrasio.it\/sito\/wp-content\/uploads\/2023\/05\/volantino-GREST-2023.jpg?resize=150%2C150&amp;ssl=1\" class=\"attachment-thumbnail size-thumbnail wp-post-image\" alt=\"\" style=\"\" srcset=\"https:\/\/i0.wp.com\/parrocchiamoltrasio.it\/sito\/wp-content\/uploads\/2023\/05\/volantino-GREST-2023.jpg?resize=150%2C150&amp;ssl=1 150w, https:\/\/i0.wp.com\/parrocchiamoltrasio.it\/sito\/wp-content\/uploads\/2023\/05\/volantino-GREST-2023.jpg?resize=200%2C200&amp;ssl=1 200w, https:\/\/i0.wp.com\/parrocchiamoltrasio.it\/sito\/wp-content\/uploads\/2023\/05\/volantino-GREST-2023.jpg?zoom=2&amp;resize=150%2C150&amp;ssl=1 300w, https:\/\/i0.wp.com\/parrocchiamoltrasio.it\/sito\/wp-content\/uploads\/2023\/05\/volantino-GREST-2023.jpg?zoom=3&amp;resize=150%2C150&amp;ssl=1 450w\" sizes=\"auto, (max-width: 150px) 100vw, 150px\" \/><\/a><\/div><a class=\"wp-block-latest-posts__post-title\" href=\"https:\/\/parrocchiamoltrasio.it\/sito\/?p=2869\">GREST 2023 &#8211; TUXTUTTI!<\/a><time datetime=\"2023-05-08T10:04:30+01:00\" class=\"wp-block-latest-posts__post-date\">8 Maggio 2023<\/time><div class=\"wp-block-latest-posts__post-excerpt\">Tutti per uno, Uno per tutti \u2026 si dice cos\u00ec no?! Questa estate per\u00f2 il nostro slogan sar\u00e0 \u2026 TUXTUTTI! Nella locandina trovate la proposta estiva della nostra Comunit\u00e0 Pastorale&#8230;<p class=\"continue-reading-button\"> <a class=\"continue-reading-link\" href=\"https:\/\/parrocchiamoltrasio.it\/sito\/?p=2869\">Leggi tutto<i class=\"crycon-right-dir\"><\/i><\/a><\/p><\/div><\/li>\n<li><a class=\"wp-block-latest-posts__post-title\" href=\"https:\/\/parrocchiamoltrasio.it\/sito\/?p=2767\">Bomboniere della parrocchia 2023<\/a><time datetime=\"2023-03-29T11:37:21+01:00\" class=\"wp-block-latest-posts__post-date\">29 Marzo 2023<\/time><div class=\"wp-block-latest-posts__post-excerpt\">La Parrocchia, tramite un gruppo di parrocchiani, mette a disposizione della comunit\u00e0 la possibilit\u00e0 di ricordare la Prima Comunione e la Cresima, diffondendo un messaggio di solidariet\u00e0 fra i propri&#8230;<p class=\"continue-reading-button\"> <a class=\"continue-reading-link\" href=\"https:\/\/parrocchiamoltrasio.it\/sito\/?p=2767\">Leggi tutto<i class=\"crycon-right-dir\"><\/i><\/a><\/p><\/div><\/li>\n<li><a class=\"wp-block-latest-posts__post-title\" href=\"https:\/\/parrocchiamoltrasio.it\/sito\/?p=2727\">Cammino di Quaresima 2023<\/a><time datetime=\"2023-03-01T11:04:53+01:00\" class=\"wp-block-latest-posts__post-date\">1 Marzo 2023<\/time><div class=\"wp-block-latest-posts__post-excerpt\">Ecco gli appuntamenti e le iniziative proposte per camminare insieme verso la Santa Pasqua.<p class=\"continue-reading-button\"> <a class=\"continue-reading-link\" href=\"https:\/\/parrocchiamoltrasio.it\/sito\/?p=2727\">Leggi tutto<i class=\"crycon-right-dir\"><\/i><\/a><\/p><\/div><\/li>\n<li><div class=\"wp-block-latest-posts__featured-image\"><a href=\"https:\/\/parrocchiamoltrasio.it\/sito\/?p=2712\" title=\"Pellegrinaggio a Roma\"><img loading=\"lazy\" decoding=\"async\" width=\"150\" height=\"150\" src=\"https:\/\/i0.wp.com\/parrocchiamoltrasio.it\/sito\/wp-content\/uploads\/2023\/03\/Immagine-2023-03-01-095847.png?resize=150%2C150&amp;ssl=1\" class=\"attachment-thumbnail size-thumbnail wp-post-image\" alt=\"\" style=\"\" srcset=\"https:\/\/i0.wp.com\/parrocchiamoltrasio.it\/sito\/wp-content\/uploads\/2023\/03\/Immagine-2023-03-01-095847.png?resize=150%2C150&amp;ssl=1 150w, https:\/\/i0.wp.com\/parrocchiamoltrasio.it\/sito\/wp-content\/uploads\/2023\/03\/Immagine-2023-03-01-095847.png?resize=200%2C200&amp;ssl=1 200w, https:\/\/i0.wp.com\/parrocchiamoltrasio.it\/sito\/wp-content\/uploads\/2023\/03\/Immagine-2023-03-01-095847.png?zoom=2&amp;resize=150%2C150&amp;ssl=1 300w, https:\/\/i0.wp.com\/parrocchiamoltrasio.it\/sito\/wp-content\/uploads\/2023\/03\/Immagine-2023-03-01-095847.png?zoom=3&amp;resize=150%2C150&amp;ssl=1 450w\" sizes=\"auto, (max-width: 150px) 100vw, 150px\" \/><\/a><\/div><a class=\"wp-block-latest-posts__post-title\" href=\"https:\/\/parrocchiamoltrasio.it\/sito\/?p=2712\">Pellegrinaggio a Roma<\/a><time datetime=\"2023-03-01T10:00:15+01:00\" class=\"wp-block-latest-posts__post-date\">1 Marzo 2023<\/time><div class=\"wp-block-latest-posts__post-excerpt\">&#8230;sar\u00e0 un viaggio da ragazzi! Per la prima volta proponiamo un pellegrinaggio pensato per pre adolescenti e adolescenti (II\/III media e superiori) nella citt\u00e0 eterna! Capitale della nostra civilt\u00e0 e&#8230;<p class=\"continue-reading-button\"> <a class=\"continue-reading-link\" href=\"https:\/\/parrocchiamoltrasio.it\/sito\/?p=2712\">Leggi tutto<i class=\"crycon-right-dir\"><\/i><\/a><\/p><\/div><\/li>\n<\/ul>\n\n\n<p><\/p>\n","protected":false},"excerpt":{"rendered":"<p>Comunit\u00e0 Pastorale SS Trinit\u00e0Parrocchie di Moltrasio, Carate, Urio, Laglio, Brienno (CO) Diocesi di Como\u00a0Ufficio\u00a0&#8211; tel 031 290123Cell parroco\u00a0&#8211; don Paolo Barocco +393463797930Cell coordinatore oratori\u00a0&#8211; Sabrina Roncoroni +393400702844<\/p>\n<p class=\"continue-reading-button\"> <a class=\"continue-reading-link\" href=\"https:\/\/parrocchiamoltrasio.it\/sito\/?page_id=211\">Leggi tutto<i class=\"crycon-right-dir\"><\/i><\/a><\/p>\n","protected":false},"author":1,"featured_media":0,"parent":0,"menu_order":0,"comment_status":"closed","ping_status":"closed","template":"templates\/template-twocolumns-right.php","meta":{"_EventAllDay":false,"_EventTimezone":"","_EventStartDate":"","_EventEndDate":"","_EventStartDateUTC":"","_EventEndDateUTC":"","_EventShowMap":false,"_EventShowMapLink":false,"_EventURL":"","_EventCost":"","_EventCostDescription":"","_EventCurrencySymbol":"","_EventCurrencyCode":"","_EventCurrencyPosition":"","_EventDateTimeSeparator":"","_EventTimeRangeSeparator":"","_EventOrganizerID":[],"_EventVenueID":[],"_OrganizerEmail":"","_OrganizerPhone":"","_OrganizerWebsite":"","_VenueAddress":"","_VenueCity":"","_VenueCountry":"","_VenueProvince":"","_VenueState":"","_VenueZip":"","_VenuePhone":"","_VenueURL":"","_VenueStateProvince":"","_VenueLat":"","_VenueLng":"","_VenueShowMap":false,"_VenueShowMapLink":false,"footnotes":""},"class_list":["post-211","page","type-page","status-publish","hentry"],"yoast_head":"<!-- This site is optimized with the Yoast SEO plugin v25.0 - https:\/\/yoast.com\/wordpress\/plugins\/seo\/ -->\n<title>Oratori SST -<\/title>\n<meta name=\"robots\" content=\"index, follow, max-snippet:-1, max-image-preview:large, max-video-preview:-1\" \/>\n<link rel=\"canonical\" href=\"https:\/\/parrocchiamoltrasio.it\/sito\/?page_id=211\" \/>\n<meta property=\"og:locale\" content=\"it_IT\" \/>\n<meta property=\"og:type\" content=\"article\" \/>\n<meta property=\"og:title\" content=\"Oratori SST -\" \/>\n<meta property=\"og:description\" content=\"Comunit\u00e0 Pastorale SS Trinit\u00e0Parrocchie di Moltrasio, Carate, Urio, Laglio, Brienno (CO) Diocesi di Como\u00a0Ufficio\u00a0&#8211; tel 031 290123Cell parroco\u00a0&#8211; don Paolo Barocco +393463797930Cell coordinatore oratori\u00a0&#8211; Sabrina Roncoroni +393400702844 Leggi tutto\" \/>\n<meta property=\"og:url\" content=\"https:\/\/parrocchiamoltrasio.it\/sito\/?page_id=211\" \/>\n<meta property=\"article:modified_time\" content=\"2025-05-11T21:34:12+00:00\" \/>\n<meta name=\"twitter:card\" content=\"summary_large_image\" \/>\n<meta name=\"twitter:label1\" content=\"Tempo di lettura stimato\" \/>\n\t<meta name=\"twitter:data1\" content=\"1 minuto\" \/>\n<script type=\"application\/ld+json\" class=\"yoast-schema-graph\">{\"@context\":\"https:\/\/schema.org\",\"@graph\":[{\"@type\":\"WebPage\",\"@id\":\"https:\/\/parrocchiamoltrasio.it\/sito\/?page_id=211\",\"url\":\"https:\/\/parrocchiamoltrasio.it\/sito\/?page_id=211\",\"name\":\"Oratori SST -\",\"isPartOf\":{\"@id\":\"https:\/\/parrocchiamoltrasio.it\/sito\/#website\"},\"datePublished\":\"2020-05-04T11:56:00+00:00\",\"dateModified\":\"2025-05-11T21:34:12+00:00\",\"breadcrumb\":{\"@id\":\"https:\/\/parrocchiamoltrasio.it\/sito\/?page_id=211#breadcrumb\"},\"inLanguage\":\"it-IT\",\"potentialAction\":[{\"@type\":\"ReadAction\",\"target\":[\"https:\/\/parrocchiamoltrasio.it\/sito\/?page_id=211\"]}]},{\"@type\":\"BreadcrumbList\",\"@id\":\"https:\/\/parrocchiamoltrasio.it\/sito\/?page_id=211#breadcrumb\",\"itemListElement\":[{\"@type\":\"ListItem\",\"position\":1,\"name\":\"Home\",\"item\":\"https:\/\/parrocchiamoltrasio.it\/sito\"},{\"@type\":\"ListItem\",\"position\":2,\"name\":\"Oratori SST\"}]},{\"@type\":\"WebSite\",\"@id\":\"https:\/\/parrocchiamoltrasio.it\/sito\/#website\",\"url\":\"https:\/\/parrocchiamoltrasio.it\/sito\/\",\"name\":\"\",\"description\":\"\",\"potentialAction\":[{\"@type\":\"SearchAction\",\"target\":{\"@type\":\"EntryPoint\",\"urlTemplate\":\"https:\/\/parrocchiamoltrasio.it\/sito\/?s={search_term_string}\"},\"query-input\":{\"@type\":\"PropertyValueSpecification\",\"valueRequired\":true,\"valueName\":\"search_term_string\"}}],\"inLanguage\":\"it-IT\"}]}<\/script>\n<!-- \/ Yoast SEO plugin. -->","yoast_head_json":{"title":"Oratori SST -","robots":{"index":"index","follow":"follow","max-snippet":"max-snippet:-1","max-image-preview":"max-image-preview:large","max-video-preview":"max-video-preview:-1"},"canonical":"https:\/\/parrocchiamoltrasio.it\/sito\/?page_id=211","og_locale":"it_IT","og_type":"article","og_title":"Oratori SST -","og_description":"Comunit\u00e0 Pastorale SS Trinit\u00e0Parrocchie di Moltrasio, Carate, Urio, Laglio, Brienno (CO) Diocesi di Como\u00a0Ufficio\u00a0&#8211; tel 031 290123Cell parroco\u00a0&#8211; don Paolo Barocco +393463797930Cell coordinatore oratori\u00a0&#8211; Sabrina Roncoroni +393400702844 Leggi tutto","og_url":"https:\/\/parrocchiamoltrasio.it\/sito\/?page_id=211","article_modified_time":"2025-05-11T21:34:12+00:00","twitter_card":"summary_large_image","twitter_misc":{"Tempo di lettura stimato":"1 minuto"},"schema":{"@context":"https:\/\/schema.org","@graph":[{"@type":"WebPage","@id":"https:\/\/parrocchiamoltrasio.it\/sito\/?page_id=211","url":"https:\/\/parrocchiamoltrasio.it\/sito\/?page_id=211","name":"Oratori SST -","isPartOf":{"@id":"https:\/\/parrocchiamoltrasio.it\/sito\/#website"},"datePublished":"2020-05-04T11:56:00+00:00","dateModified":"2025-05-11T21:34:12+00:00","breadcrumb":{"@id":"https:\/\/parrocchiamoltrasio.it\/sito\/?page_id=211#breadcrumb"},"inLanguage":"it-IT","potentialAction":[{"@type":"ReadAction","target":["https:\/\/parrocchiamoltrasio.it\/sito\/?page_id=211"]}]},{"@type":"BreadcrumbList","@id":"https:\/\/parrocchiamoltrasio.it\/sito\/?page_id=211#breadcrumb","itemListElement":[{"@type":"ListItem","position":1,"name":"Home","item":"https:\/\/parrocchiamoltrasio.it\/sito"},{"@type":"ListItem","position":2,"name":"Oratori SST"}]},{"@type":"WebSite","@id":"https:\/\/parrocchiamoltrasio.it\/sito\/#website","url":"https:\/\/parrocchiamoltrasio.it\/sito\/","name":"","description":"","potentialAction":[{"@type":"SearchAction","target":{"@type":"EntryPoint","urlTemplate":"https:\/\/parrocchiamoltrasio.it\/sito\/?s={search_term_string}"},"query-input":{"@type":"PropertyValueSpecification","valueRequired":true,"valueName":"search_term_string"}}],"inLanguage":"it-IT"}]}},"jetpack_sharing_enabled":true,"_links":{"self":[{"href":"https:\/\/parrocchiamoltrasio.it\/sito\/index.php?rest_route=\/wp\/v2\/pages\/211","targetHints":{"allow":["GET"]}}],"collection":[{"href":"https:\/\/parrocchiamoltrasio.it\/sito\/index.php?rest_route=\/wp\/v2\/pages"}],"about":[{"href":"https:\/\/parrocchiamoltrasio.it\/sito\/index.php?rest_route=\/wp\/v2\/types\/page"}],"author":[{"embeddable":true,"href":"https:\/\/parrocchiamoltrasio.it\/sito\/index.php?rest_route=\/wp\/v2\/users\/1"}],"replies":[{"embeddable":true,"href":"https:\/\/parrocchiamoltrasio.it\/sito\/index.php?rest_route=%2Fwp%2Fv2%2Fcomments&post=211"}],"version-history":[{"count":10,"href":"https:\/\/parrocchiamoltrasio.it\/sito\/index.php?rest_route=\/wp\/v2\/pages\/211\/revisions"}],"predecessor-version":[{"id":3519,"href":"https:\/\/parrocchiamoltrasio.it\/sito\/index.php?rest_route=\/wp\/v2\/pages\/211\/revisions\/3519"}],"wp:attachment":[{"href":"https:\/\/parrocchiamoltrasio.it\/sito\/index.php?rest_route=%2Fwp%2Fv2%2Fmedia&parent=211"}],"curies":[{"name":"wp","href":"https:\/\/api.w.org\/{rel}","templated":true}]}}