{"id":3182,"date":"2024-04-22T10:04:53","date_gmt":"2024-04-22T09:04:53","guid":{"rendered":"https:\/\/parrocchiamoltrasio.it\/sito\/?page_id=3182"},"modified":"2024-05-08T07:54:04","modified_gmt":"2024-05-08T06:54:04","slug":"iscrizioni-grest-2022-2","status":"publish","type":"page","link":"https:\/\/parrocchiamoltrasio.it\/sito\/?page_id=3182","title":{"rendered":"Iscrizioni 2024"},"content":{"rendered":"\n<p class=\"has-medium-font-size\"><strong>Per iscriverti puoi scegliere due modi:<\/strong><\/p>\n\n\n\n<p class=\"has-black-color has-text-color has-link-color wp-elements-bf59e112507e695d533d3c8400a909d9\" style=\"font-size:17px\">Scarica, stampa e compila i moduli di iscrizione al GREST 2024 e al servizio navetta che trovi qui sotto.<\/p>\n\n\n\n<div style=\"height:15px\" aria-hidden=\"true\" class=\"wp-block-spacer\"><\/div>\n\n\n\n<div class=\"wp-block-file\"><a id=\"wp-block-file--media-6bc9c568-82ec-45ad-9af8-dc2d5ecb893d\" href=\"https:\/\/parrocchiamoltrasio.it\/sito\/wp-content\/uploads\/2024\/05\/ISCRIZIONEGREST24.pdf\" target=\"_blank\" rel=\"noreferrer noopener\">ISCRIZIONEGREST24<\/a><a href=\"https:\/\/parrocchiamoltrasio.it\/sito\/wp-content\/uploads\/2024\/05\/ISCRIZIONEGREST24.pdf\" class=\"wp-block-file__button wp-element-button\" download aria-describedby=\"wp-block-file--media-6bc9c568-82ec-45ad-9af8-dc2d5ecb893d\">Download PDF<\/a><\/div>\n\n\n\n<div class=\"wp-block-file\"><a id=\"wp-block-file--media-fcbcfeb6-d27a-4393-bbf2-0d2c7812c0e1\" href=\"https:\/\/parrocchiamoltrasio.it\/sito\/wp-content\/uploads\/2024\/05\/ISCRIZIONENAVETTA.pdf\" target=\"_blank\" rel=\"noreferrer noopener\">ISCRIZIONENAVETTA<\/a><a href=\"https:\/\/parrocchiamoltrasio.it\/sito\/wp-content\/uploads\/2024\/05\/ISCRIZIONENAVETTA.pdf\" class=\"wp-block-file__button wp-element-button\" download aria-describedby=\"wp-block-file--media-fcbcfeb6-d27a-4393-bbf2-0d2c7812c0e1\">Download PDF<\/a><\/div>\n\n\n\n<div style=\"height:15px\" aria-hidden=\"true\" class=\"wp-block-spacer\"><\/div>\n\n\n\n<p class=\"has-black-color has-text-color has-link-color wp-elements-5e727283c5863f0516f4337d6ba5ca26\" style=\"font-size:17px\">Spediscili a <a href=\"mailto:oratorisst@gmail.com\">oratorisst@gmail.com<\/a><\/p>\n\n\n\n<div style=\"height:15px\" aria-hidden=\"true\" class=\"wp-block-spacer\"><\/div>\n\n\n\n<p class=\"has-black-color has-text-color has-link-color wp-elements-cad7075ca2d08503a84b0eb1078cf350\" style=\"font-size:17px\">Passa in oratorio per ritirare il <strong><em>KIT DEL GREST<\/em><\/strong><\/p>\n\n\n\n<p><strong>Oppure<\/strong><\/p>\n\n\n\n<p style=\"font-size:17px\">Se non puoi stampare, non preoccuparti ! Compila il modulo Google a questo link <a href=\"https:\/\/forms.gle\/hfpp7t4gfcodCJNe7\" target=\"_blank\" rel=\"noreferrer noopener\">https:\/\/forms.gle\/hfpp7t4gfcodCJNe7<\/a><\/p>\n\n\n\n<p style=\"font-size:17px\">Poi passa in oratorio a firmare i restanti documenti e a ritirare il <strong>KIT DEL GREST<\/strong><\/p>\n\n\n\n<div style=\"height:15px\" aria-hidden=\"true\" class=\"wp-block-spacer\"><\/div>\n\n\n\n<p class=\"has-black-color has-text-color has-link-color wp-elements-e54664a73fbaaa8bb419855d76e78fbf\" style=\"font-size:17px\"><strong>IMPORTANTE: effettuare il pagamento preferibilmente a mezzo bonifico oppure in contanti agli Open Day o negli orari di apertura della segreteria!<\/strong><\/p>\n\n\n\n<div style=\"height:15px\" aria-hidden=\"true\" class=\"wp-block-spacer\"><\/div>\n\n\n\n<p style=\"font-size:17px\"><strong>Bonifico Bancario&nbsp;<strong>(CONSIGLIATO)<\/strong><\/strong><br>CASSA RURALE E ARTIGIANA DI CANT\u00d9 BCC SOC. COOP \u2013 FILIALE CERNOBBIO<br>IBAN:&nbsp;<strong>IT28 Z084 3051 1600 0000 0203 909<\/strong><br>Intestazione: PARROCCHIA S.MARTINO DI MOLTRASIO<br>Causale: Iscrizione attivit\u00e0 oratorio Cognome Nome<\/p>\n\n\n\n<div style=\"height:15px\" aria-hidden=\"true\" class=\"wp-block-spacer\"><\/div>\n\n\n\n<h2 class=\"wp-block-heading has-vivid-cyan-blue-color has-text-color has-link-color wp-elements-d251ec8e760b93be28041d7ddb6c7558\">OPEN DAY del GREST 2024<\/h2>\n\n\n\n<figure data-wp-context=\"{&quot;imageId&quot;:&quot;6a03ef33433b9&quot;}\" data-wp-interactive=\"core\/image\" data-wp-key=\"6a03ef33433b9\" class=\"wp-block-image size-large is-resized wp-lightbox-container\"><img data-recalc-dims=\"1\" loading=\"lazy\" decoding=\"async\" width=\"850\" height=\"475\" data-wp-class--hide=\"state.isContentHidden\" data-wp-class--show=\"state.isContentVisible\" data-wp-init=\"callbacks.setButtonStyles\" data-wp-on--click=\"actions.showLightbox\" data-wp-on--load=\"callbacks.setButtonStyles\" data-wp-on-window--resize=\"callbacks.setButtonStyles\" src=\"https:\/\/i0.wp.com\/parrocchiamoltrasio.it\/sito\/wp-content\/uploads\/2024\/05\/image.png?resize=850%2C475&#038;ssl=1\" alt=\"\" class=\"wp-image-3215\" style=\"width:420px;height:auto\" srcset=\"https:\/\/i0.wp.com\/parrocchiamoltrasio.it\/sito\/wp-content\/uploads\/2024\/05\/image.png?resize=1024%2C572&amp;ssl=1 1024w, https:\/\/i0.wp.com\/parrocchiamoltrasio.it\/sito\/wp-content\/uploads\/2024\/05\/image.png?resize=300%2C168&amp;ssl=1 300w, https:\/\/i0.wp.com\/parrocchiamoltrasio.it\/sito\/wp-content\/uploads\/2024\/05\/image.png?resize=768%2C429&amp;ssl=1 768w, https:\/\/i0.wp.com\/parrocchiamoltrasio.it\/sito\/wp-content\/uploads\/2024\/05\/image.png?resize=1536%2C858&amp;ssl=1 1536w, https:\/\/i0.wp.com\/parrocchiamoltrasio.it\/sito\/wp-content\/uploads\/2024\/05\/image.png?resize=150%2C84&amp;ssl=1 150w, https:\/\/i0.wp.com\/parrocchiamoltrasio.it\/sito\/wp-content\/uploads\/2024\/05\/image.png?w=2000&amp;ssl=1 2000w, https:\/\/i0.wp.com\/parrocchiamoltrasio.it\/sito\/wp-content\/uploads\/2024\/05\/image.png?w=1700&amp;ssl=1 1700w\" sizes=\"auto, (max-width: 850px) 100vw, 850px\" \/><button\n\t\t\tclass=\"lightbox-trigger\"\n\t\t\ttype=\"button\"\n\t\t\taria-haspopup=\"dialog\"\n\t\t\taria-label=\"Ingrandisci\"\n\t\t\tdata-wp-init=\"callbacks.initTriggerButton\"\n\t\t\tdata-wp-on--click=\"actions.showLightbox\"\n\t\t\tdata-wp-style--right=\"state.imageButtonRight\"\n\t\t\tdata-wp-style--top=\"state.imageButtonTop\"\n\t\t>\n\t\t\t<svg xmlns=\"http:\/\/www.w3.org\/2000\/svg\" width=\"12\" height=\"12\" fill=\"none\" viewBox=\"0 0 12 12\">\n\t\t\t\t<path fill=\"#fff\" d=\"M2 0a2 2 0 0 0-2 2v2h1.5V2a.5.5 0 0 1 .5-.5h2V0H2Zm2 10.5H2a.5.5 0 0 1-.5-.5V8H0v2a2 2 0 0 0 2 2h2v-1.5ZM8 12v-1.5h2a.5.5 0 0 0 .5-.5V8H12v2a2 2 0 0 1-2 2H8Zm2-12a2 2 0 0 1 2 2v2h-1.5V2a.5.5 0 0 0-.5-.5H8V0h2Z\" \/>\n\t\t\t<\/svg>\n\t\t<\/button><\/figure>\n\n\n\n<h2 class=\"wp-block-heading has-text-color has-link-color wp-elements-1e1446e36f7b76ca2ab5447d968ba352\" style=\"color:#1aa9b7\">Riepilogo costi e date<\/h2>\n\n\n\n<p style=\"font-size:17px\"><strong>DOPOSCUOLA<\/strong><br> <strong>Si svolger\u00e0 dal 3 al 7 giugno dalle ore 12:30 alle ore 16.<\/strong><br> <strong>\u20ac 5 a pasto<\/strong>&nbsp;con possibilit\u00e0 di lasciare&nbsp;<em>un\u2019offerta libera<\/em>&nbsp;pro oratorio.<\/p>\n\n\n\n<p style=\"font-size:17px\"><strong>ORATORIO ESTIVO<\/strong><span class=\"tadv-color\" style=\"color:#0693e3\"><br><\/span><strong><strong>Si <\/strong>svolger\u00e0 dal 10 giugno al 5 luglio 2024 dal luned\u00ec al venerd\u00ec dalle ore 9 alle ore 17, con servizio di accoglienza dalle ore 8<strong>.<\/strong><\/strong><\/p>\n\n\n\n<figure class=\"wp-block-table\">\n<table class=\"has-fixed-layout\" style=\"width: 100%; height: 92px;\">\n<tbody>\n<tr style=\"height: 23px;\">\n<td style=\"height: 23px;\"><strong><mark class=\"has-inline-color\" style=\"background-color: rgba(0, 0, 0, 0); color: #1aa9b7;\">COSTI<\/mark><\/strong><\/td>\n<td style=\"height: 23px;\"><strong><mark class=\"has-inline-color has-vivid-red-color\" style=\"background-color: rgba(0, 0, 0, 0);\">1 SETTIMANA<\/mark><\/strong><\/td>\n<td style=\"height: 23px;\"><strong><mark class=\"has-inline-color has-vivid-red-color\" style=\"background-color: rgba(0, 0, 0, 0);\">2 SETTIMANE<\/mark><\/strong><\/td>\n<td style=\"height: 23px;\"><strong><mark class=\"has-inline-color has-vivid-red-color\" style=\"background-color: rgba(0, 0, 0, 0);\">3 SETTIMANE<\/mark><\/strong><\/td>\n<td style=\"height: 23px;\"><strong><mark class=\"has-inline-color has-vivid-red-color\" style=\"background-color: rgba(0, 0, 0, 0);\">4 SETTIMANE<\/mark><\/strong><\/td>\n<\/tr>\n<tr style=\"height: 23px;\">\n<td style=\"height: 23px;\">1 RAGAZZO<\/td>\n<td style=\"height: 23px;\"><strong>40 \u20ac<\/strong><\/td>\n<td style=\"height: 23px;\"><strong>80 \u20ac<\/strong><\/td>\n<td style=\"height: 23px;\"><strong>120 \u20ac<\/strong><\/td>\n<td style=\"height: 23px;\"><strong>160 \u20ac<\/strong><\/td>\n<\/tr>\n<tr style=\"height: 23px;\">\n<td style=\"height: 23px;\">2 FRATELLI<\/td>\n<td style=\"height: 23px;\"><strong>60 \u20ac<\/strong><\/td>\n<td style=\"height: 23px;\"><strong>120 \u20ac<\/strong><\/td>\n<td style=\"height: 23px;\"><strong>180 \u20ac<\/strong><\/td>\n<td style=\"height: 23px;\"><strong>240 \u20ac<\/strong><\/td>\n<\/tr>\n<tr style=\"height: 23px;\">\n<td style=\"height: 23px;\">3 + FRATELLI<\/td>\n<td style=\"height: 23px;\"><strong>80 \u20ac<\/strong><\/td>\n<td style=\"height: 23px;\"><strong>160 \u20ac<\/strong><\/td>\n<td style=\"height: 23px;\"><strong>240 \u20ac<\/strong><\/td>\n<td style=\"height: 23px;\"><strong>320 \u20ac<\/strong><\/td>\n<\/tr>\n<\/tbody>\n<\/table>\n<figcaption class=\"wp-element-caption\"><br \/><em>II PRANZO non \u00e8 obbligatorio, per chi vuole aderire la quota \u00e8 di \u20ac 5 a pasto da versare all&#8217;accoglienza. <\/em><br \/><em>Le gite sono ESCLUSE dal costo dell\u2019iscrizione.<\/em><\/figcaption>\n<\/figure>\n\n\n\n<p style=\"font-size:17px\">Per i trasferimenti \u00e8 disponibile il<strong> servizio navetta<\/strong> (Se vuoi richiederlo, compila il <a href=\"https:\/\/parrocchiamoltrasio.it\/sito\/wp-content\/uploads\/2024\/05\/ISCRIZIONENAVETTA.pdf\" target=\"_blank\" rel=\"noreferrer noopener\">modulo apposito<\/a>)<\/p>\n\n\n\n<p><\/p>\n","protected":false},"excerpt":{"rendered":"<p>Per iscriverti puoi scegliere due modi: Scarica, stampa e compila i moduli di iscrizione al GREST 2024 e al servizio navetta che trovi qui sotto. Spediscili a oratorisst@gmail.com Passa in oratorio per ritirare il KIT DEL GREST Oppure Se non puoi stampare, non preoccuparti ! Compila il modulo Google a&#8230;<\/p>\n<p class=\"continue-reading-button\"> <a class=\"continue-reading-link\" href=\"https:\/\/parrocchiamoltrasio.it\/sito\/?page_id=3182\">Leggi tutto<i class=\"crycon-right-dir\"><\/i><\/a><\/p>\n","protected":false},"author":1,"featured_media":0,"parent":2151,"menu_order":0,"comment_status":"closed","ping_status":"closed","template":"","meta":{"_EventAllDay":false,"_EventTimezone":"","_EventStartDate":"","_EventEndDate":"","_EventStartDateUTC":"","_EventEndDateUTC":"","_EventShowMap":false,"_EventShowMapLink":false,"_EventURL":"","_EventCost":"","_EventCostDescription":"","_EventCurrencySymbol":"","_EventCurrencyCode":"","_EventCurrencyPosition":"","_EventDateTimeSeparator":"","_EventTimeRangeSeparator":"","_EventOrganizerID":[],"_EventVenueID":[],"_OrganizerEmail":"","_OrganizerPhone":"","_OrganizerWebsite":"","_VenueAddress":"","_VenueCity":"","_VenueCountry":"","_VenueProvince":"","_VenueState":"","_VenueZip":"","_VenuePhone":"","_VenueURL":"","_VenueStateProvince":"","_VenueLat":"","_VenueLng":"","_VenueShowMap":false,"_VenueShowMapLink":false,"footnotes":""},"class_list":["post-3182","page","type-page","status-publish","hentry"],"yoast_head":"<!-- This site is optimized with the Yoast SEO plugin v25.0 - https:\/\/yoast.com\/wordpress\/plugins\/seo\/ -->\n<title>Iscrizioni 2024 -<\/title>\n<meta name=\"robots\" content=\"index, follow, max-snippet:-1, max-image-preview:large, max-video-preview:-1\" \/>\n<link rel=\"canonical\" href=\"https:\/\/parrocchiamoltrasio.it\/sito\/?page_id=3182\" \/>\n<meta property=\"og:locale\" content=\"it_IT\" \/>\n<meta property=\"og:type\" content=\"article\" \/>\n<meta property=\"og:title\" content=\"Iscrizioni 2024 -\" \/>\n<meta property=\"og:description\" content=\"Per iscriverti puoi scegliere due modi: Scarica, stampa e compila i moduli di iscrizione al GREST 2024 e al servizio navetta che trovi qui sotto. Spediscili a oratorisst@gmail.com Passa in oratorio per ritirare il KIT DEL GREST Oppure Se non puoi stampare, non preoccuparti ! Compila il modulo Google a... Leggi tutto\" \/>\n<meta property=\"og:url\" content=\"https:\/\/parrocchiamoltrasio.it\/sito\/?page_id=3182\" \/>\n<meta property=\"article:modified_time\" content=\"2024-05-08T06:54:04+00:00\" \/>\n<meta property=\"og:image\" content=\"https:\/\/parrocchiamoltrasio.it\/sito\/wp-content\/uploads\/2024\/05\/image-1024x572.png\" \/>\n<meta name=\"twitter:card\" content=\"summary_large_image\" \/>\n<meta name=\"twitter:label1\" content=\"Tempo di lettura stimato\" \/>\n\t<meta name=\"twitter:data1\" content=\"2 minuti\" \/>\n<script type=\"application\/ld+json\" class=\"yoast-schema-graph\">{\"@context\":\"https:\/\/schema.org\",\"@graph\":[{\"@type\":\"WebPage\",\"@id\":\"https:\/\/parrocchiamoltrasio.it\/sito\/?page_id=3182\",\"url\":\"https:\/\/parrocchiamoltrasio.it\/sito\/?page_id=3182\",\"name\":\"Iscrizioni 2024 -\",\"isPartOf\":{\"@id\":\"https:\/\/parrocchiamoltrasio.it\/sito\/#website\"},\"primaryImageOfPage\":{\"@id\":\"https:\/\/parrocchiamoltrasio.it\/sito\/?page_id=3182#primaryimage\"},\"image\":{\"@id\":\"https:\/\/parrocchiamoltrasio.it\/sito\/?page_id=3182#primaryimage\"},\"thumbnailUrl\":\"https:\/\/parrocchiamoltrasio.it\/sito\/wp-content\/uploads\/2024\/05\/image-1024x572.png\",\"datePublished\":\"2024-04-22T09:04:53+00:00\",\"dateModified\":\"2024-05-08T06:54:04+00:00\",\"breadcrumb\":{\"@id\":\"https:\/\/parrocchiamoltrasio.it\/sito\/?page_id=3182#breadcrumb\"},\"inLanguage\":\"it-IT\",\"potentialAction\":[{\"@type\":\"ReadAction\",\"target\":[\"https:\/\/parrocchiamoltrasio.it\/sito\/?page_id=3182\"]}]},{\"@type\":\"ImageObject\",\"inLanguage\":\"it-IT\",\"@id\":\"https:\/\/parrocchiamoltrasio.it\/sito\/?page_id=3182#primaryimage\",\"url\":\"https:\/\/i0.wp.com\/parrocchiamoltrasio.it\/sito\/wp-content\/uploads\/2024\/05\/image.png?fit=2000%2C1117&ssl=1\",\"contentUrl\":\"https:\/\/i0.wp.com\/parrocchiamoltrasio.it\/sito\/wp-content\/uploads\/2024\/05\/image.png?fit=2000%2C1117&ssl=1\",\"width\":2000,\"height\":1117},{\"@type\":\"BreadcrumbList\",\"@id\":\"https:\/\/parrocchiamoltrasio.it\/sito\/?page_id=3182#breadcrumb\",\"itemListElement\":[{\"@type\":\"ListItem\",\"position\":1,\"name\":\"Home\",\"item\":\"https:\/\/parrocchiamoltrasio.it\/sito\"},{\"@type\":\"ListItem\",\"position\":2,\"name\":\"Oratori SST\",\"item\":\"https:\/\/parrocchiamoltrasio.it\/sito\/?page_id=211\"},{\"@type\":\"ListItem\",\"position\":3,\"name\":\"ESTATE 2022\",\"item\":\"https:\/\/parrocchiamoltrasio.it\/sito\/?page_id=2261\"},{\"@type\":\"ListItem\",\"position\":4,\"name\":\"GREST 2022\",\"item\":\"https:\/\/parrocchiamoltrasio.it\/sito\/?page_id=2151\"},{\"@type\":\"ListItem\",\"position\":5,\"name\":\"Iscrizioni 2024\"}]},{\"@type\":\"WebSite\",\"@id\":\"https:\/\/parrocchiamoltrasio.it\/sito\/#website\",\"url\":\"https:\/\/parrocchiamoltrasio.it\/sito\/\",\"name\":\"\",\"description\":\"\",\"potentialAction\":[{\"@type\":\"SearchAction\",\"target\":{\"@type\":\"EntryPoint\",\"urlTemplate\":\"https:\/\/parrocchiamoltrasio.it\/sito\/?s={search_term_string}\"},\"query-input\":{\"@type\":\"PropertyValueSpecification\",\"valueRequired\":true,\"valueName\":\"search_term_string\"}}],\"inLanguage\":\"it-IT\"}]}<\/script>\n<!-- \/ Yoast SEO plugin. -->","yoast_head_json":{"title":"Iscrizioni 2024 -","robots":{"index":"index","follow":"follow","max-snippet":"max-snippet:-1","max-image-preview":"max-image-preview:large","max-video-preview":"max-video-preview:-1"},"canonical":"https:\/\/parrocchiamoltrasio.it\/sito\/?page_id=3182","og_locale":"it_IT","og_type":"article","og_title":"Iscrizioni 2024 -","og_description":"Per iscriverti puoi scegliere due modi: Scarica, stampa e compila i moduli di iscrizione al GREST 2024 e al servizio navetta che trovi qui sotto. Spediscili a oratorisst@gmail.com Passa in oratorio per ritirare il KIT DEL GREST Oppure Se non puoi stampare, non preoccuparti ! Compila il modulo Google a... Leggi tutto","og_url":"https:\/\/parrocchiamoltrasio.it\/sito\/?page_id=3182","article_modified_time":"2024-05-08T06:54:04+00:00","og_image":[{"url":"https:\/\/parrocchiamoltrasio.it\/sito\/wp-content\/uploads\/2024\/05\/image-1024x572.png","type":"","width":"","height":""}],"twitter_card":"summary_large_image","twitter_misc":{"Tempo di lettura stimato":"2 minuti"},"schema":{"@context":"https:\/\/schema.org","@graph":[{"@type":"WebPage","@id":"https:\/\/parrocchiamoltrasio.it\/sito\/?page_id=3182","url":"https:\/\/parrocchiamoltrasio.it\/sito\/?page_id=3182","name":"Iscrizioni 2024 -","isPartOf":{"@id":"https:\/\/parrocchiamoltrasio.it\/sito\/#website"},"primaryImageOfPage":{"@id":"https:\/\/parrocchiamoltrasio.it\/sito\/?page_id=3182#primaryimage"},"image":{"@id":"https:\/\/parrocchiamoltrasio.it\/sito\/?page_id=3182#primaryimage"},"thumbnailUrl":"https:\/\/parrocchiamoltrasio.it\/sito\/wp-content\/uploads\/2024\/05\/image-1024x572.png","datePublished":"2024-04-22T09:04:53+00:00","dateModified":"2024-05-08T06:54:04+00:00","breadcrumb":{"@id":"https:\/\/parrocchiamoltrasio.it\/sito\/?page_id=3182#breadcrumb"},"inLanguage":"it-IT","potentialAction":[{"@type":"ReadAction","target":["https:\/\/parrocchiamoltrasio.it\/sito\/?page_id=3182"]}]},{"@type":"ImageObject","inLanguage":"it-IT","@id":"https:\/\/parrocchiamoltrasio.it\/sito\/?page_id=3182#primaryimage","url":"https:\/\/i0.wp.com\/parrocchiamoltrasio.it\/sito\/wp-content\/uploads\/2024\/05\/image.png?fit=2000%2C1117&ssl=1","contentUrl":"https:\/\/i0.wp.com\/parrocchiamoltrasio.it\/sito\/wp-content\/uploads\/2024\/05\/image.png?fit=2000%2C1117&ssl=1","width":2000,"height":1117},{"@type":"BreadcrumbList","@id":"https:\/\/parrocchiamoltrasio.it\/sito\/?page_id=3182#breadcrumb","itemListElement":[{"@type":"ListItem","position":1,"name":"Home","item":"https:\/\/parrocchiamoltrasio.it\/sito"},{"@type":"ListItem","position":2,"name":"Oratori SST","item":"https:\/\/parrocchiamoltrasio.it\/sito\/?page_id=211"},{"@type":"ListItem","position":3,"name":"ESTATE 2022","item":"https:\/\/parrocchiamoltrasio.it\/sito\/?page_id=2261"},{"@type":"ListItem","position":4,"name":"GREST 2022","item":"https:\/\/parrocchiamoltrasio.it\/sito\/?page_id=2151"},{"@type":"ListItem","position":5,"name":"Iscrizioni 2024"}]},{"@type":"WebSite","@id":"https:\/\/parrocchiamoltrasio.it\/sito\/#website","url":"https:\/\/parrocchiamoltrasio.it\/sito\/","name":"","description":"","potentialAction":[{"@type":"SearchAction","target":{"@type":"EntryPoint","urlTemplate":"https:\/\/parrocchiamoltrasio.it\/sito\/?s={search_term_string}"},"query-input":{"@type":"PropertyValueSpecification","valueRequired":true,"valueName":"search_term_string"}}],"inLanguage":"it-IT"}]}},"jetpack_sharing_enabled":true,"_links":{"self":[{"href":"https:\/\/parrocchiamoltrasio.it\/sito\/index.php?rest_route=\/wp\/v2\/pages\/3182","targetHints":{"allow":["GET"]}}],"collection":[{"href":"https:\/\/parrocchiamoltrasio.it\/sito\/index.php?rest_route=\/wp\/v2\/pages"}],"about":[{"href":"https:\/\/parrocchiamoltrasio.it\/sito\/index.php?rest_route=\/wp\/v2\/types\/page"}],"author":[{"embeddable":true,"href":"https:\/\/parrocchiamoltrasio.it\/sito\/index.php?rest_route=\/wp\/v2\/users\/1"}],"replies":[{"embeddable":true,"href":"https:\/\/parrocchiamoltrasio.it\/sito\/index.php?rest_route=%2Fwp%2Fv2%2Fcomments&post=3182"}],"version-history":[{"count":24,"href":"https:\/\/parrocchiamoltrasio.it\/sito\/index.php?rest_route=\/wp\/v2\/pages\/3182\/revisions"}],"predecessor-version":[{"id":3238,"href":"https:\/\/parrocchiamoltrasio.it\/sito\/index.php?rest_route=\/wp\/v2\/pages\/3182\/revisions\/3238"}],"up":[{"embeddable":true,"href":"https:\/\/parrocchiamoltrasio.it\/sito\/index.php?rest_route=\/wp\/v2\/pages\/2151"}],"wp:attachment":[{"href":"https:\/\/parrocchiamoltrasio.it\/sito\/index.php?rest_route=%2Fwp%2Fv2%2Fmedia&parent=3182"}],"curies":[{"name":"wp","href":"https:\/\/api.w.org\/{rel}","templated":true}]}}