{"id":361,"date":"2020-06-13T14:41:14","date_gmt":"2020-06-13T13:41:14","guid":{"rendered":"https:\/\/parrocchiamoltrasio.it\/sito\/?page_id=361"},"modified":"2020-07-14T17:45:06","modified_gmt":"2020-07-14T16:45:06","slug":"cookie-policy","status":"publish","type":"page","link":"https:\/\/parrocchiamoltrasio.it\/sito\/?page_id=361","title":{"rendered":"Privacy Policy"},"content":{"rendered":"\n<p>PRIVACY POLICY<br>INFORMATIVA AI SENSI DEL REGOLAMENTO UE 2016\/679 (\u201cGDPR\u201d)<\/p>\n\n\n\n<p>1. TITOLARE DEL TRATTAMENTO<br> L\u2019indirizzo del sito web \u00e8:<a href=\"https:\/\/www.parrocchiamoltrasio.it\"> <strong>https:\/\/www.parrocchiamoltrasio.it<\/strong><\/a><strong> <\/strong>ed \u00e8 di propriet\u00e0 d<strong>i Don Massimo Rossi <\/strong>che ne amministra il contenuto. Il Titolare del trattamento dei dati personali \u00e8 <\/p>\n\n\n\n<p><strong><strong>Don Massimo Rossi<\/strong><\/strong><br><em>Via Raschi, 4, 22010 Moltrasio CO<\/em><br><em>Telefono: 031 290123 &#8211; e-mail: info@parrocchiamoltrasio.it<\/em><\/p>\n\n\n\n<p>2. QUALI DATI PERSONALI RACCOGLIAMO E PERCHE\u2019 LI RACCOGLIAMO<\/p>\n\n\n\n<p><strong>Modulo di contatto<\/strong><br> Se contatti la parrocchia di Moltrasio, \u00e8 necessario dare esplicito consenso informato all\u2019utilizzo dei dati personali raccolti in conformit\u00e0 al Regolamento Generale sul Trattamento dei Dati personali (Regolamento UE 2016\/679 \u201cGDPR\u201d). In particolare i dati raccolti (Nome, Cognome, Email e Telefono) saranno utilizzati esclusivamente per poter evadere in modo esaustivo la risposta alla richiesta espressa dall\u2019utente. Tali dati verranno conservati per il tempo necessario ad evadere la risposta al contatto\/richiesta. Qualora l\u2019utente desideri che i propri dati vengano rimossi dai nostri registri potr\u00e0 in ogni momento esplicitare la richiesta contattandoci ai riferimenti di seguito riportati al paragrafo \u201c5. Riferimenti per il contatto\u201d.<\/p>\n\n\n\n<p>3. CON CHI CONDIVIDIAMO I TUOI DATI<\/p>\n\n\n\n<p>I dati raccolti sono inviati dal sistema esclusivamente al Titolare al fine di poter rispondere opportunamente e tempestivamente alla richiesta avanzata. Tali dati non vengono in alcun modo condivisi al di fuori dell\u2019attivit\u00e0.<\/p>\n\n\n\n<p>4. QUALI DIRITTI HAI SUI TUOI DATI<\/p>\n\n\n\n<p>Se l\u2019Utente ha effettuato una richiesta informazioni su questo\nsito, pu\u00f2 richiedere la cancellazione di tutti i dati personali che lo\nriguardano inviando esplicita richiesta ai riferimenti di contatto di seguito\nriportati. Questo non include gli eventuali dati che siamo obbligati a\nconservare per scopi amministrativi, legali o di sicurezza.<\/p>\n\n\n\n<p>5. RIFERIMENTI PER IL CONTATTO<br>\nLe eventuali richieste in merito al trattamento dei dati personali vanno\nrivolte a:<\/p>\n\n\n\n<p><strong><strong><strong>Don Massimo Rossi<\/strong><\/strong><br><em>Via Raschi, 4, 22010 Moltrasio CO<\/em><br><em>Telefono: 031 290123 &#8211; e-mail: info@parrocchiamoltrasio.it<\/em><\/strong><br> ________________________________________<\/p>\n\n\n\n<p><strong>COOKIE POLICY<\/strong><\/p>\n\n\n\n<p>Questo sito fa uso di Cookie. I Cookie sono piccoli file di\ntesto che possono essere utilizzati dai siti web per rendere pi\u00f9 efficiente\nl\u2019esperienza di navigazione. L\u2019Utente che visita per la prima volta questo sito\nviene opportunamente avvisato dell\u2019utilizzo di Cookie e pu\u00f2 gestire le\npreferenze sull\u2019utilizzo di Cookie seguendo le indicazioni riportate al\nparagrafo \u201c4. Consenso all\u2019installazione di Cookie\u201d.<\/p>\n\n\n\n<p>1. COOKIE STRETTAMENTE NECESSARI<\/p>\n\n\n\n<p>I \u201cCookie Strettamente Necessari\u201d sono utilizzati dal sito per\nmemorizzare le preferenze che l\u2019Utente esprime durante la tua navigazione in\nmodo da facilitare l\u2019esperienza di navigazione al Suo ritorno. Se disabilita i\nCookies Strettamente Necessari non potremo salvare le Sue preferenze. Questo\nsignifica che ogni volta che visiter\u00e0 questo sito dovr\u00e0 abilitare o\ndisabilitare nuovamente i cookie.<\/p>\n\n\n\n<p>2. COOKIE ANALITICI<\/p>\n\n\n\n<p>Questo sito utilizza Google Analytics\/ Search Console per\nraccogliere informazioni anonime a fini statistici per monitorare ad esempio il\nnumero di utenti e le pagine pi\u00f9 visitate. Mantenendo abilitati questi Cookie\nci aiuta a sviluppare al meglio il nostro sito.<\/p>\n\n\n\n<p>3. COOKIE DI TERZE PARTI<\/p>\n\n\n\n<p>Questo sito potrebbe presentare sulle proprie pagine contenuti\nincorporati da altri siti (ad esempio video, immagini, articoli, contenuti o\ninterazioni). I contenuti incorporati da altri siti web si comportano\nesattamente allo stesso modo come se il visitatore avesse visitato l\u2019altro sito\nweb. Questi siti web possono raccogliere dati su di Lei, usare Cookie,\nintegrare ulteriori tracciamenti di terze parti e monitorare l\u2019interazione con\nquel contenuto incorporato, incluso il tracciamento della Sua interazione con\nil contenuto incorporato se ha un account e ha effettuato l\u2019accesso a quel sito\nweb. Elenchiamo di seguito tali siti e relative Privacy Policy:<br>\nYouTube \u2013 privacy di YouTube<br>\nFacebook \u2013 privacy di Facebook<br>\nInstagram \u2013 privacy di Instagram<br>\nPinterest \u2013 privacy di Pinterest<br>\nTwitter \u2013 privacy di Twitter<br>\nGoogle \u2013 privacy di Google<br>\nQuesto sito non pu\u00f2 controllare l\u2019utilizzo di Cookie di Terze Parti, quindi per\ncancellare tali Cookie \u00e8 necessario utilizzare le specifiche funzioni del\nbrowser in uso.<\/p>\n\n\n\n<p>4. CONSENSO\/RIFIUTO ALL\u2019INSTALLAZIONE DI COOKIE<\/p>\n\n\n\n<p>L\u2019Utente che visita il sito pu\u00f2 gestire le preferenze relative\nai Cookie direttamente all\u2019interno del proprio browser ed impedire \u2013 ad esempio\n\u2013 che terze parti possano installarne. Tramite le preferenze del browser \u00e8\ninoltre possibile eliminare i Cookie installati in passato, incluso il Cookie\nin cui venga eventualmente salvato il consenso all\u2019installazione di Cookie da\nparte di questo sito. L\u2019Utente pu\u00f2 trovare informazioni su come gestire i\nCookie con alcuni dei browser pi\u00f9 diffusi ad esempio ai seguenti indirizzi:\nGoogle Chrome, Mozilla Firefox, Apple Safari e Microsoft Internet Explorer.<br>\nCon riferimento a Cookie installati da terze parti, l\u2019Utente pu\u00f2 inoltre\ngestire le proprie impostazioni e revocare il consenso visitando il relativo\nlink di opt-out (qualora disponibile), utilizzando gli strumenti descritti\nnella privacy policy della terza parte o contattando direttamente la stessa.<br>\nFermo restando quanto precede, l\u2019Utente pu\u00f2 avvalersi delle informazioni\nfornite da: EDAA (UE), Network Advertising Initiative (USA) e Digital\nAdvertising Alliance (USA), DAAC(Canada), DDAI (Giappone) o altri servizi\nanaloghi. Con questi servizi \u00e8 possibile gestire le preferenze di tracciamento\ndella maggior parte degli strumenti pubblicitari. Il Titolare, pertanto,\nconsiglia agli Utenti di utilizzare tali risorse in aggiunta alle informazioni\nfornite dal presente documento.<\/p>\n","protected":false},"excerpt":{"rendered":"<p>PRIVACY POLICYINFORMATIVA AI SENSI DEL REGOLAMENTO UE 2016\/679 (\u201cGDPR\u201d) 1. TITOLARE DEL TRATTAMENTO L\u2019indirizzo del sito web \u00e8: https:\/\/www.parrocchiamoltrasio.it ed \u00e8 di propriet\u00e0 di Don Massimo Rossi che ne amministra il contenuto. Il Titolare del trattamento dei dati personali \u00e8 Don Massimo RossiVia Raschi, 4, 22010 Moltrasio COTelefono: 031 290123&#8230;<\/p>\n<p class=\"continue-reading-button\"> <a class=\"continue-reading-link\" href=\"https:\/\/parrocchiamoltrasio.it\/sito\/?page_id=361\">Leggi tutto<i class=\"crycon-right-dir\"><\/i><\/a><\/p>\n","protected":false},"author":1,"featured_media":0,"parent":0,"menu_order":0,"comment_status":"closed","ping_status":"closed","template":"","meta":{"_EventAllDay":false,"_EventTimezone":"","_EventStartDate":"","_EventEndDate":"","_EventStartDateUTC":"","_EventEndDateUTC":"","_EventShowMap":false,"_EventShowMapLink":false,"_EventURL":"","_EventCost":"","_EventCostDescription":"","_EventCurrencySymbol":"","_EventCurrencyCode":"","_EventCurrencyPosition":"","_EventDateTimeSeparator":"","_EventTimeRangeSeparator":"","_EventOrganizerID":[],"_EventVenueID":[],"_OrganizerEmail":"","_OrganizerPhone":"","_OrganizerWebsite":"","_VenueAddress":"","_VenueCity":"","_VenueCountry":"","_VenueProvince":"","_VenueState":"","_VenueZip":"","_VenuePhone":"","_VenueURL":"","_VenueStateProvince":"","_VenueLat":"","_VenueLng":"","_VenueShowMap":false,"_VenueShowMapLink":false,"footnotes":""},"class_list":["post-361","page","type-page","status-publish","hentry"],"yoast_head":"<!-- This site is optimized with the Yoast SEO plugin v25.0 - https:\/\/yoast.com\/wordpress\/plugins\/seo\/ -->\n<title>Privacy Policy -<\/title>\n<meta name=\"robots\" content=\"index, follow, max-snippet:-1, max-image-preview:large, max-video-preview:-1\" \/>\n<link rel=\"canonical\" href=\"https:\/\/parrocchiamoltrasio.it\/sito\/?page_id=361\" \/>\n<meta property=\"og:locale\" content=\"it_IT\" \/>\n<meta property=\"og:type\" content=\"article\" \/>\n<meta property=\"og:title\" content=\"Privacy Policy -\" \/>\n<meta property=\"og:description\" content=\"PRIVACY POLICYINFORMATIVA AI SENSI DEL REGOLAMENTO UE 2016\/679 (\u201cGDPR\u201d) 1. TITOLARE DEL TRATTAMENTO L\u2019indirizzo del sito web \u00e8: https:\/\/www.parrocchiamoltrasio.it ed \u00e8 di propriet\u00e0 di Don Massimo Rossi che ne amministra il contenuto. Il Titolare del trattamento dei dati personali \u00e8 Don Massimo RossiVia Raschi, 4, 22010 Moltrasio COTelefono: 031 290123... Leggi tutto\" \/>\n<meta property=\"og:url\" content=\"https:\/\/parrocchiamoltrasio.it\/sito\/?page_id=361\" \/>\n<meta property=\"article:modified_time\" content=\"2020-07-14T16:45:06+00:00\" \/>\n<meta name=\"twitter:card\" content=\"summary_large_image\" \/>\n<meta name=\"twitter:label1\" content=\"Tempo di lettura stimato\" \/>\n\t<meta name=\"twitter:data1\" content=\"4 minuti\" \/>\n<script type=\"application\/ld+json\" class=\"yoast-schema-graph\">{\"@context\":\"https:\/\/schema.org\",\"@graph\":[{\"@type\":\"WebPage\",\"@id\":\"https:\/\/parrocchiamoltrasio.it\/sito\/?page_id=361\",\"url\":\"https:\/\/parrocchiamoltrasio.it\/sito\/?page_id=361\",\"name\":\"Privacy Policy -\",\"isPartOf\":{\"@id\":\"https:\/\/parrocchiamoltrasio.it\/sito\/#website\"},\"datePublished\":\"2020-06-13T13:41:14+00:00\",\"dateModified\":\"2020-07-14T16:45:06+00:00\",\"breadcrumb\":{\"@id\":\"https:\/\/parrocchiamoltrasio.it\/sito\/?page_id=361#breadcrumb\"},\"inLanguage\":\"it-IT\",\"potentialAction\":[{\"@type\":\"ReadAction\",\"target\":[\"https:\/\/parrocchiamoltrasio.it\/sito\/?page_id=361\"]}]},{\"@type\":\"BreadcrumbList\",\"@id\":\"https:\/\/parrocchiamoltrasio.it\/sito\/?page_id=361#breadcrumb\",\"itemListElement\":[{\"@type\":\"ListItem\",\"position\":1,\"name\":\"Home\",\"item\":\"https:\/\/parrocchiamoltrasio.it\/sito\"},{\"@type\":\"ListItem\",\"position\":2,\"name\":\"Privacy Policy\"}]},{\"@type\":\"WebSite\",\"@id\":\"https:\/\/parrocchiamoltrasio.it\/sito\/#website\",\"url\":\"https:\/\/parrocchiamoltrasio.it\/sito\/\",\"name\":\"\",\"description\":\"\",\"potentialAction\":[{\"@type\":\"SearchAction\",\"target\":{\"@type\":\"EntryPoint\",\"urlTemplate\":\"https:\/\/parrocchiamoltrasio.it\/sito\/?s={search_term_string}\"},\"query-input\":{\"@type\":\"PropertyValueSpecification\",\"valueRequired\":true,\"valueName\":\"search_term_string\"}}],\"inLanguage\":\"it-IT\"}]}<\/script>\n<!-- \/ Yoast SEO plugin. -->","yoast_head_json":{"title":"Privacy Policy -","robots":{"index":"index","follow":"follow","max-snippet":"max-snippet:-1","max-image-preview":"max-image-preview:large","max-video-preview":"max-video-preview:-1"},"canonical":"https:\/\/parrocchiamoltrasio.it\/sito\/?page_id=361","og_locale":"it_IT","og_type":"article","og_title":"Privacy Policy -","og_description":"PRIVACY POLICYINFORMATIVA AI SENSI DEL REGOLAMENTO UE 2016\/679 (\u201cGDPR\u201d) 1. TITOLARE DEL TRATTAMENTO L\u2019indirizzo del sito web \u00e8: https:\/\/www.parrocchiamoltrasio.it ed \u00e8 di propriet\u00e0 di Don Massimo Rossi che ne amministra il contenuto. Il Titolare del trattamento dei dati personali \u00e8 Don Massimo RossiVia Raschi, 4, 22010 Moltrasio COTelefono: 031 290123... Leggi tutto","og_url":"https:\/\/parrocchiamoltrasio.it\/sito\/?page_id=361","article_modified_time":"2020-07-14T16:45:06+00:00","twitter_card":"summary_large_image","twitter_misc":{"Tempo di lettura stimato":"4 minuti"},"schema":{"@context":"https:\/\/schema.org","@graph":[{"@type":"WebPage","@id":"https:\/\/parrocchiamoltrasio.it\/sito\/?page_id=361","url":"https:\/\/parrocchiamoltrasio.it\/sito\/?page_id=361","name":"Privacy Policy -","isPartOf":{"@id":"https:\/\/parrocchiamoltrasio.it\/sito\/#website"},"datePublished":"2020-06-13T13:41:14+00:00","dateModified":"2020-07-14T16:45:06+00:00","breadcrumb":{"@id":"https:\/\/parrocchiamoltrasio.it\/sito\/?page_id=361#breadcrumb"},"inLanguage":"it-IT","potentialAction":[{"@type":"ReadAction","target":["https:\/\/parrocchiamoltrasio.it\/sito\/?page_id=361"]}]},{"@type":"BreadcrumbList","@id":"https:\/\/parrocchiamoltrasio.it\/sito\/?page_id=361#breadcrumb","itemListElement":[{"@type":"ListItem","position":1,"name":"Home","item":"https:\/\/parrocchiamoltrasio.it\/sito"},{"@type":"ListItem","position":2,"name":"Privacy Policy"}]},{"@type":"WebSite","@id":"https:\/\/parrocchiamoltrasio.it\/sito\/#website","url":"https:\/\/parrocchiamoltrasio.it\/sito\/","name":"","description":"","potentialAction":[{"@type":"SearchAction","target":{"@type":"EntryPoint","urlTemplate":"https:\/\/parrocchiamoltrasio.it\/sito\/?s={search_term_string}"},"query-input":{"@type":"PropertyValueSpecification","valueRequired":true,"valueName":"search_term_string"}}],"inLanguage":"it-IT"}]}},"jetpack_sharing_enabled":true,"_links":{"self":[{"href":"https:\/\/parrocchiamoltrasio.it\/sito\/index.php?rest_route=\/wp\/v2\/pages\/361","targetHints":{"allow":["GET"]}}],"collection":[{"href":"https:\/\/parrocchiamoltrasio.it\/sito\/index.php?rest_route=\/wp\/v2\/pages"}],"about":[{"href":"https:\/\/parrocchiamoltrasio.it\/sito\/index.php?rest_route=\/wp\/v2\/types\/page"}],"author":[{"embeddable":true,"href":"https:\/\/parrocchiamoltrasio.it\/sito\/index.php?rest_route=\/wp\/v2\/users\/1"}],"replies":[{"embeddable":true,"href":"https:\/\/parrocchiamoltrasio.it\/sito\/index.php?rest_route=%2Fwp%2Fv2%2Fcomments&post=361"}],"version-history":[{"count":5,"href":"https:\/\/parrocchiamoltrasio.it\/sito\/index.php?rest_route=\/wp\/v2\/pages\/361\/revisions"}],"predecessor-version":[{"id":452,"href":"https:\/\/parrocchiamoltrasio.it\/sito\/index.php?rest_route=\/wp\/v2\/pages\/361\/revisions\/452"}],"wp:attachment":[{"href":"https:\/\/parrocchiamoltrasio.it\/sito\/index.php?rest_route=%2Fwp%2Fv2%2Fmedia&parent=361"}],"curies":[{"name":"wp","href":"https:\/\/api.w.org\/{rel}","templated":true}]}}